{"id":100,"date":"2021-08-11T13:58:49","date_gmt":"2021-08-11T13:58:49","guid":{"rendered":"https:\/\/bbf-k9.org\/?page_id=100"},"modified":"2021-09-01T10:51:32","modified_gmt":"2021-09-01T10:51:32","slug":"legal","status":"publish","type":"page","link":"https:\/\/bbf-k9.org\/de\/legal\/","title":{"rendered":"Rechtliches"},"content":{"rendered":"<h3 class=\"wp-block-heading\"><strong>Bedingungen und Konditionen<\/strong><\/h3>\n\n\n\n<p><strong>Einf\u00fchrung<\/strong><\/p>\n\n\n\n<p>Die Bed Bug Foundation CIC (BBF) ist ein eingetragener gemeinn\u00fctziger Verein mit der Unternehmensnummer 12231220. Die eingetragene Adresse ist: Bed Bug Foundation CIC, Priors Loft, Coleford Road, Tidenham, Chepstow, Monmouthshire, NP16 7JD.<\/p>\n\n\n\n<p>Durch die Nutzung und\/oder den Besuch der Website erkl\u00e4ren Sie sich mit diesen Allgemeinen Gesch\u00e4ftsbedingungen und der Datenschutzrichtlinie (die \"Bedingungen\") einverstanden, und Sie stimmen ausdr\u00fccklich zu, dass Sie an die Allgemeinen Gesch\u00e4ftsbedingungen und alle geltenden Gesetze und Vorschriften, die die Website regeln, gebunden sind. Wenn Sie mit einem Teil dieser Bedingungen nicht einverstanden sind, d\u00fcrfen Sie die Website nicht nutzen.<\/p>\n\n\n\n<p>Die Bed Bug Foundation CIC kann den Inhalt der Website und\/oder die Bedingungen jederzeit \u00e4ndern, und eine solche \u00c4nderung tritt unmittelbar mit der Ver\u00f6ffentlichung des ge\u00e4nderten Inhalts und\/oder der ge\u00e4nderten Bedingungen auf der Website in Kraft, und Ihre fortgesetzte Nutzung oder Ihr Zugang zu dieser Website wird als Zeichen Ihrer Zustimmung zu den ge\u00e4nderten Inhalten und\/oder Bedingungen angesehen.<\/p>\n\n\n\n<div style=\"height:18px\" aria-hidden=\"true\" class=\"wp-block-spacer\"><\/div>\n\n\n\n<p><strong>Wichtige Informationen<\/strong><\/p>\n\n\n\n<p>Die Bed Bug Foundation CIC fungiert als Zertifizierungsstelle f\u00fcr die Bettwanzensp\u00fcrhundeindustrie. Unternehmen mit Bettwanzensp\u00fcrhunde-Teams, die den BBF-Zertifizierungsprozess innerhalb der letzten 12 Monate erfolgreich durchlaufen haben, werden automatisch auf dieser Website aufgef\u00fchrt (<a href=\"http:\/\/bbf-k9.org\/de\/\">bbf-k9.org<\/a>).<\/p>\n\n\n\n<p>Alle auf dieser Website aufgef\u00fchrten Unternehmen haben das Recht, jederzeit die L\u00f6schung oder Aktualisierung ihrer Angaben zu beantragen. Sofern jedoch nicht ausdr\u00fccklich etwas anderes beantragt wird, werden alle Unternehmen mit BBF-zertifizierten Bettwanzensp\u00fcrhundeteams automatisch auf dieser Website aufgef\u00fchrt.<\/p>\n\n\n\n<p>Unternehmen, deren Sp\u00fcrhundeteams zuvor von der BBF zertifiziert wurden, deren Zertifizierungen jedoch inzwischen abgelaufen sind, werden automatisch von der Website entfernt. Die Bed Bug Foundation CIC beh\u00e4lt sich jedoch das Recht vor, die G\u00fcltigkeit von Zertifizierungen unter bestimmten Umst\u00e4nden \u00fcber 12 Monate hinaus zu verl\u00e4ngern, z. B. wenn Reisebeschr\u00e4nkungen aufgrund von COVID eine Neuzertifizierung unm\u00f6glich gemacht haben.<\/p>\n\n\n\n<p>Weitere Informationen \u00fcber den BBF-Zertifizierungsprozess und Einzelheiten zu den einzelnen zertifizierten Teams finden Sie auf der \u00fcbergeordneten Website <a href=\"http:\/\/bedbugfoundation.org\">bedbugfoundation.org<\/a>.<\/p>\n\n\n\n<div style=\"height:18px\" aria-hidden=\"true\" class=\"wp-block-spacer\"><\/div>\n\n\n\n<p><strong>Website Haftungsausschluss<\/strong><\/p>\n\n\n\n<p>Die auf dieser Website enthaltenen Informationen dienen lediglich der allgemeinen Information. Die Informationen werden von der BBF zur Verf\u00fcgung gestellt, und obwohl wir uns bem\u00fchen, die Informationen aktuell und korrekt zu halten, geben wir keine ausdr\u00fccklichen oder stillschweigenden Zusicherungen oder Gew\u00e4hrleistungen hinsichtlich der Vollst\u00e4ndigkeit, Genauigkeit, Zuverl\u00e4ssigkeit, Eignung oder Verf\u00fcgbarkeit in Bezug auf die Website oder die auf der Website enthaltenen Informationen, Produkte, Dienstleistungen oder zugeh\u00f6rigen Grafiken f\u00fcr irgendeinen Zweck. Jedes Vertrauen, das Sie auf diese Informationen setzen, geschieht daher ausschlie\u00dflich auf Ihr eigenes Risiko.<\/p>\n\n\n\n<p>In keinem Fall haften wir f\u00fcr Verluste oder Sch\u00e4den, einschlie\u00dflich, aber nicht beschr\u00e4nkt auf indirekte oder Folgesch\u00e4den, oder f\u00fcr Verluste oder Sch\u00e4den, die sich aus dem Verlust von Daten oder Gewinnen ergeben, die sich aus der Nutzung dieser Website ergeben oder damit in Zusammenhang stehen.<\/p>\n\n\n\n<p>\u00dcber diese Website k\u00f6nnen Sie einen Link zu anderen Websites herstellen, die nicht unter der Kontrolle der Stiftung f\u00fcr Bettwanzen stehen. Wir haben keine Kontrolle \u00fcber die Art, den Inhalt und die Verf\u00fcgbarkeit dieser Websites. Die Aufnahme von Links bedeutet nicht notwendigerweise eine Empfehlung oder eine Bef\u00fcrwortung der auf diesen Seiten ge\u00e4u\u00dferten Ansichten.<\/p>\n\n\n\n<p>Es werden alle Anstrengungen unternommen, um den Betrieb der Website aufrechtzuerhalten und reibungslos zu gestalten. Die BBF \u00fcbernimmt jedoch keine Verantwortung f\u00fcr die vor\u00fcbergehende Nichtverf\u00fcgbarkeit der Website aufgrund von technischen Problemen, die au\u00dferhalb unserer Kontrolle liegen.<\/p>\n\n\n\n<div style=\"height:18px\" aria-hidden=\"true\" class=\"wp-block-spacer\"><\/div>\n\n\n\n<p><strong>Datenschutzbestimmungen<\/strong><\/p>\n\n\n\n<p>Diese Website (bbf-k9.org) verwendet keine Cookies und sammelt keine pers\u00f6nlichen Daten. Die auf dieser Website aufgef\u00fchrten Unternehmen haben \u00fcber die Datenschutzrichtlinie auf der BBF-Schwester-Website (hier) die Erlaubnis erteilt, dass ihre Unternehmensdaten hier aufgef\u00fchrt werden: <a href=\"https:\/\/www.bedbugfoundation.org\/privacy-policy\/\" target=\"_blank\" rel=\"noreferrer noopener\">https:\/\/www.bedbugfoundation.org\/privacy-policy\/<\/a><\/p>\n\n\n\n<div style=\"height:18px\" aria-hidden=\"true\" class=\"wp-block-spacer\"><\/div>\n\n\n\n<p><strong>Beschwerdeverfahren<\/strong><\/p>\n\n\n\n<p>Die BBF nimmt Beschwerden ernst.<\/p>\n\n\n\n<p>Beschwerden \u00fcber diese Website und ihren Inhalt sollten an help@bedbugfoundation.org gerichtet werden.<\/p>\n\n\n\n<p>Beschwerden \u00fcber das Verhalten der auf dieser Website aufgef\u00fchrten Unternehmen sind an den zust\u00e4ndigen L\u00e4ndervertreter zu richten. Die Kontaktdaten der L\u00e4ndervertreter finden Sie hier: <a href=\"https:\/\/www.bedbugfoundation.org\/contact\/\" target=\"_blank\" rel=\"noreferrer noopener\">https:\/\/www.bedbugfoundation.org\/contact\/<\/a><\/p>\n\n\n\n<p>Bitte beachten Sie, dass wir keine anonymen Beschwerden oder Beschwerden \u00fcber Nicht-BBF-Sp\u00fcrhundefirmen annehmen k\u00f6nnen.<\/p>\n\n\n\n<div style=\"height:18px\" aria-hidden=\"true\" class=\"wp-block-spacer\"><\/div>\n\n\n\n<p><strong>Copyright-Hinweis<\/strong><\/p>\n\n\n\n<p>Diese Website und ihr Inhalt unterliegen dem Copyright der Bed Bug Foundation CIC. Alle Rechte vorbehalten.<\/p>\n\n\n\n<p>Jegliche Weiterverbreitung oder Vervielf\u00e4ltigung eines Teils oder des gesamten Inhalts in irgendeiner Form ist verboten, mit Ausnahme der folgenden:<\/p>\n\n\n\n<ul class=\"wp-block-list\"><li>Sie d\u00fcrfen Ausz\u00fcge f\u00fcr Ihren pers\u00f6nlichen und nichtkommerziellen Gebrauch ausdrucken oder auf eine lokale Festplatte herunterladen.<\/li><li>Sie d\u00fcrfen den Inhalt an einzelne Dritte f\u00fcr deren pers\u00f6nlichen Gebrauch kopieren, aber nur, wenn Sie die Website als Quelle des Materials angeben<\/li><\/ul>\n\n\n\n<p>Ohne unsere ausdr\u00fcckliche schriftliche Genehmigung d\u00fcrfen Sie den Inhalt nicht verbreiten oder kommerziell verwerten. Sie d\u00fcrfen sie auch nicht ohne vorherige Genehmigung auf eine andere Website oder eine andere Form von elektronischem Abrufsystem \u00fcbertragen oder dort speichern.<\/p>","protected":false},"excerpt":{"rendered":"<p>Terms and Conditions Introduction Bed Bug Foundation CIC (BBF) is a registered Community Interest Concern with Company Number 12231220. The registered address is: Bed Bug Foundation CIC, Priors Loft, Coleford Road, Tidenham, Chepstow, Monmouthshire, NP16 7JD. By using and\/or visiting the Website you agree to these Terms and Conditions and the Privacy Policy (the \u201cTerms\u201d), [&hellip;]<\/p>\n","protected":false},"author":1,"featured_media":0,"parent":0,"menu_order":0,"comment_status":"closed","ping_status":"closed","template":"","meta":{"footnotes":""},"class_list":["post-100","page","type-page","status-publish","hentry"],"_links":{"self":[{"href":"https:\/\/bbf-k9.org\/de\/wp-json\/wp\/v2\/pages\/100","targetHints":{"allow":["GET"]}}],"collection":[{"href":"https:\/\/bbf-k9.org\/de\/wp-json\/wp\/v2\/pages"}],"about":[{"href":"https:\/\/bbf-k9.org\/de\/wp-json\/wp\/v2\/types\/page"}],"author":[{"embeddable":true,"href":"https:\/\/bbf-k9.org\/de\/wp-json\/wp\/v2\/users\/1"}],"replies":[{"embeddable":true,"href":"https:\/\/bbf-k9.org\/de\/wp-json\/wp\/v2\/comments?post=100"}],"version-history":[{"count":21,"href":"https:\/\/bbf-k9.org\/de\/wp-json\/wp\/v2\/pages\/100\/revisions"}],"predecessor-version":[{"id":343,"href":"https:\/\/bbf-k9.org\/de\/wp-json\/wp\/v2\/pages\/100\/revisions\/343"}],"wp:attachment":[{"href":"https:\/\/bbf-k9.org\/de\/wp-json\/wp\/v2\/media?parent=100"}],"curies":[{"name":"wp","href":"https:\/\/api.w.org\/{rel}","templated":true}]}}