{"id":204,"date":"2021-08-24T13:18:07","date_gmt":"2021-08-24T13:18:07","guid":{"rendered":"https:\/\/bbf-k9.org\/?page_id=204"},"modified":"2021-11-24T17:41:29","modified_gmt":"2021-11-24T17:41:29","slug":"help-find-bed-bugs","status":"publish","type":"page","link":"https:\/\/bbf-k9.org\/de\/help-find-bed-bugs\/","title":{"rendered":"Hilfe"},"content":{"rendered":"<h1 class=\"wp-block-heading\">H\u00e4ufig gestellte Fragen<\/h1>\n\n\n\n<div style=\"height:25px\" aria-hidden=\"true\" class=\"wp-block-spacer\"><\/div>\n\n\n\n<h3 class=\"wp-block-heading\">Hilfe, ich glaube, ich habe Bettwanzen! Was soll ich tun?<\/h3>\n\n\n\n<div style=\"height:5px\" aria-hidden=\"true\" class=\"wp-block-spacer\"><\/div>\n\n\n\n<p>Zun\u00e4chst sollten Sie nicht in Panik verfallen. Wenn Sie Bisse entdeckt haben, aber noch keine schl\u00fcssigen Beweise f\u00fcr Bettwanzen gefunden haben, ist es wichtig, zun\u00e4chst zu best\u00e4tigen, ob Bettwanzen der \u00dcbelt\u00e4ter sind. Hier kann Ihnen unser Netz zertifizierter Geruchssuchteams helfen. Geben Sie Ihren Standort der <a href=\"https:\/\/bbf-k9.org\/de\/map\/\">Seite durchsuchen<\/a> um Unternehmen in Ihrer N\u00e4he zu finden.<\/p>\n\n\n\n<p>Sie k\u00f6nnen auch auf unserer Schwesterseite Ratschl\u00e4ge zur Identifizierung und Bek\u00e4mpfung von Bettwanzen finden <a href=\"https:\/\/www.bedbugfoundation.org\/self-help\/\" target=\"_blank\" rel=\"noreferrer noopener\">bedbugfoundation.org<\/a>.<\/p>\n\n\n\n<p>Haben Sie etwas Verd\u00e4chtiges gefunden? Beruhigen Sie sich und nutzen Sie unser kostenloses&nbsp;<a href=\"http:\/\/bedbugfoundation.org\/specimen-identification-service\/\">Probenidentifikationsservice<\/a>.<\/p>\n\n\n\n<div style=\"height:20px\" aria-hidden=\"true\" class=\"wp-block-spacer\"><\/div>\n\n\n\n<h3 class=\"wp-block-heading\">Warum sollte ich BBF-zertifizierte Bettwanzendetektive einsetzen?<\/h3>\n\n\n\n<div style=\"height:5px\" aria-hidden=\"true\" class=\"wp-block-spacer\"><\/div>\n\n\n\n<p>Derzeit gibt es keine gesetzlichen Vorschriften, die vorschreiben, dass Bettwanzensp\u00fcrhundeteams eine Pr\u00fcfung ablegen m\u00fcssen. Aus diesem Grund kann die Qualit\u00e4t der Dienstleistungen, die Kunden erhalten, uneinheitlich sein.<\/p>\n\n\n\n<p>Die BBF arbeitet mit einem Netzwerk von <a href=\"https:\/\/www.bedbugfoundation.org\/bbf-approved-training-schools\/\">anerkannte Ausbildungsst\u00e4tten<\/a> um die Zertifizierung von Bettwanzensp\u00fcrhunden anzubieten. Nur Unternehmen mit Bettwanzensp\u00fcrhunden, die innerhalb der letzten 12 Monate die Zertifizierung bestanden haben, k\u00f6nnen auf unserer Website gefunden werden. <\/p>\n\n\n\n<p>Alle unsere Teams haben bewiesen, dass sie in der Lage sind, eine geringe Anzahl von Bettwanzen in einem Schlafzimmer aufzusp\u00fcren. Unsere Teams werden j\u00e4hrlich getestet, um sicherzustellen, dass sie einen hohen Standard erf\u00fcllen.<\/p>\n\n\n\n<div style=\"height:20px\" aria-hidden=\"true\" class=\"wp-block-spacer\"><\/div>\n\n\n\n<h3 class=\"wp-block-heading\">Wie kann ich diese Website nutzen?<\/h3>\n\n\n\n<div style=\"height:5px\" aria-hidden=\"true\" class=\"wp-block-spacer\"><\/div>\n\n\n\n<p>Geben Sie einfach Ihren Standort ein und klicken Sie auf \"Suchen\", um Bettwanzenhundeteams in Ihrer N\u00e4he zu finden.<\/p>\n\n\n\n<p>Um den Suchradius zu erweitern, verwenden Sie das Dropdown-Men\u00fc links neben der Suchleiste.<\/p>\n\n\n\n<div class=\"wp-block-image\"><figure class=\"alignleft size-full\"><img loading=\"lazy\" decoding=\"async\" width=\"354\" height=\"112\" src=\"https:\/\/bbf-k9.org\/wp-content\/uploads\/2021\/09\/distance-1.png\" alt=\"DIstance-Dropdown\" class=\"wp-image-327\" srcset=\"https:\/\/bbf-k9.org\/wp-content\/uploads\/2021\/09\/distance-1.png 354w, https:\/\/bbf-k9.org\/wp-content\/uploads\/2021\/09\/distance-1-300x95.png 300w, https:\/\/bbf-k9.org\/wp-content\/uploads\/2021\/09\/distance-1-18x6.png 18w\" sizes=\"auto, (max-width: 354px) 100vw, 354px\" \/><\/figure><\/div>\n\n\n\n<div style=\"height:10px\" aria-hidden=\"true\" class=\"wp-block-spacer\"><\/div>\n\n\n\n<h3 class=\"wp-block-heading\">Wie kann ich mein eigenes Unternehmen auf diese Website bringen?<\/h3>\n\n\n\n<div style=\"height:5px\" aria-hidden=\"true\" class=\"wp-block-spacer\"><\/div>\n\n\n\n<p>Alle auf dieser Website vertretenen Teams sind Mitglieder der Bed Bug Foundation, die durch unser Programm zur Erkennung von Bettwanzenger\u00fcchen zertifiziert wurden.<\/p>\n\n\n\n<p>Wenn Sie mehr \u00fcber den Prozess der Mitgliedschaft erfahren m\u00f6chten, folgen Sie bitte <a href=\"https:\/\/www.bedbugfoundation.org\/help\/how-to-become-a-certified-team\/\">dieser Link<\/a> zur Registrierungs\u00fcbersicht auf der Website der Bed Bug Foundation.<\/p>\n\n\n\n<div style=\"height:10px\" aria-hidden=\"true\" class=\"wp-block-spacer\"><\/div>\n\n\n\n<div style=\"height:20px\" aria-hidden=\"true\" class=\"wp-block-spacer\"><\/div>\n\n\n\n<h3 class=\"wp-block-heading\">Wie kann ich die Stiftung unterst\u00fctzen?<\/h3>\n\n\n\n<div style=\"height:5px\" aria-hidden=\"true\" class=\"wp-block-spacer\"><\/div>\n\n\n\n<p>Die BBF wird von einem Team von Freiwilligen geleitet, und wir sch\u00e4tzen Ihre Unterst\u00fctzung sehr. Wenn Sie zur Arbeit der BBF beitragen m\u00f6chten, um die Menschen \u00fcber den Umgang mit Bettwanzen aufzukl\u00e4ren, bitten wir Sie <a href=\"https:\/\/www.bedbugfoundation.org\/support-the-foundation\/\">Unterst\u00fctzen Sie uns hier<\/a>. <\/p>","protected":false},"excerpt":{"rendered":"<p>Frequently Asked Questions Help, I think I have bed bugs! What should I do? Firstly, don&#8217;t panic. If you have discovered bites, but have not yet found conclusive evidence of bed bugs then it is important to start by confirming whether bed bugs are the culprit. This is where our network of certified scent detection [&hellip;]<\/p>\n","protected":false},"author":1,"featured_media":0,"parent":0,"menu_order":0,"comment_status":"closed","ping_status":"closed","template":"","meta":{"footnotes":""},"class_list":["post-204","page","type-page","status-publish","hentry"],"_links":{"self":[{"href":"https:\/\/bbf-k9.org\/de\/wp-json\/wp\/v2\/pages\/204","targetHints":{"allow":["GET"]}}],"collection":[{"href":"https:\/\/bbf-k9.org\/de\/wp-json\/wp\/v2\/pages"}],"about":[{"href":"https:\/\/bbf-k9.org\/de\/wp-json\/wp\/v2\/types\/page"}],"author":[{"embeddable":true,"href":"https:\/\/bbf-k9.org\/de\/wp-json\/wp\/v2\/users\/1"}],"replies":[{"embeddable":true,"href":"https:\/\/bbf-k9.org\/de\/wp-json\/wp\/v2\/comments?post=204"}],"version-history":[{"count":74,"href":"https:\/\/bbf-k9.org\/de\/wp-json\/wp\/v2\/pages\/204\/revisions"}],"predecessor-version":[{"id":607,"href":"https:\/\/bbf-k9.org\/de\/wp-json\/wp\/v2\/pages\/204\/revisions\/607"}],"wp:attachment":[{"href":"https:\/\/bbf-k9.org\/de\/wp-json\/wp\/v2\/media?parent=204"}],"curies":[{"name":"wp","href":"https:\/\/api.w.org\/{rel}","templated":true}]}}