{"id":100,"date":"2021-08-11T13:58:49","date_gmt":"2021-08-11T13:58:49","guid":{"rendered":"https:\/\/bbf-k9.org\/?page_id=100"},"modified":"2021-09-01T10:51:32","modified_gmt":"2021-09-01T10:51:32","slug":"legal","status":"publish","type":"page","link":"https:\/\/bbf-k9.org\/es\/legal\/","title":{"rendered":"Legal"},"content":{"rendered":"<h3 class=\"wp-block-heading\"><strong>T\u00e9rminos y condiciones<\/strong><\/h3>\n\n\n\n<p><strong>Introducci\u00f3n<\/strong><\/p>\n\n\n\n<p>Bed Bug Foundation CIC (BBF) es una asociaci\u00f3n de inter\u00e9s comunitario registrada con el n\u00famero de empresa 12231220. El domicilio social es: Bed Bug Foundation CIC, Priors Loft, Coleford Road, Tidenham, Chepstow, Monmouthshire, NP16 7JD.<\/p>\n\n\n\n<p>Al utilizar y\/o visitar el sitio web, usted acepta estos t\u00e9rminos y condiciones y la pol\u00edtica de privacidad (los \"t\u00e9rminos\"), y consiente y acepta expresamente quedar obligado por los t\u00e9rminos y condiciones y por todas las leyes y reglamentos aplicables que rigen el sitio web. Si no est\u00e1 de acuerdo con cualquier parte de estos t\u00e9rminos y condiciones, no debe utilizar el sitio web.<\/p>\n\n\n\n<p>Bed Bug Foundation CIC puede modificar el contenido del sitio web y \/ o T\u00e9rminos en cualquier momento, y dicha modificaci\u00f3n ser\u00e1 efectiva inmediatamente despu\u00e9s de la publicaci\u00f3n del contenido modificado y \/ o T\u00e9rminos en el sitio web y su uso continuado o el acceso a este sitio web se considerar\u00e1 que indica su aceptaci\u00f3n del contenido modificado y \/ o T\u00e9rminos.<\/p>\n\n\n\n<div style=\"height:18px\" aria-hidden=\"true\" class=\"wp-block-spacer\"><\/div>\n\n\n\n<p><strong>Informaci\u00f3n importante<\/strong><\/p>\n\n\n\n<p>Bed Bug Foundation CIC act\u00faa como un organismo de certificaci\u00f3n para la industria de perros de detecci\u00f3n de chinches. Las empresas con equipos de perros detectores de chinches que han superado con \u00e9xito el proceso de certificaci\u00f3n de la BBF en los \u00faltimos 12 meses aparecen autom\u00e1ticamente en este sitio web (<a href=\"http:\/\/bbf-k9.org\/es\/\">bbf-k9.org<\/a>).<\/p>\n\n\n\n<p>Todas las empresas que aparecen en este sitio web tienen derecho a solicitar que sus datos sean eliminados o actualizados en cualquier momento, pero, a menos que se solicite expresamente lo contrario, todas las empresas con equipos de perros detectores de chinches de la cama certificados por la BBF se incluyen autom\u00e1ticamente en este sitio.<\/p>\n\n\n\n<p>Las empresas cuyos equipos de perros detectores se han certificado previamente con la BBF, pero cuyas certificaciones han caducado desde entonces, se eliminan autom\u00e1ticamente del sitio. Sin embargo, Bed Bug Foundation CIC se reserva el derecho de extender la validez de las certificaciones m\u00e1s all\u00e1 de 12 meses en ciertas situaciones, como cuando la restricci\u00f3n de viaje debido a COVID ha hecho imposible la recertificaci\u00f3n.<\/p>\n\n\n\n<p>Puede encontrar informaci\u00f3n adicional sobre el proceso de certificaci\u00f3n de la BBF y los detalles de cada equipo certificado en el sitio web principal <a href=\"http:\/\/bedbugfoundation.org\">bedbugfoundation.org<\/a>.<\/p>\n\n\n\n<div style=\"height:18px\" aria-hidden=\"true\" class=\"wp-block-spacer\"><\/div>\n\n\n\n<p><strong>Descargo de responsabilidad del sitio web<\/strong><\/p>\n\n\n\n<p>La informaci\u00f3n contenida en este sitio web es s\u00f3lo para fines de informaci\u00f3n general. La informaci\u00f3n es proporcionada por la BBF y, si bien nos esforzamos por mantener la informaci\u00f3n actualizada y correcta, no hacemos declaraciones ni garant\u00edas de ning\u00fan tipo, expresas o impl\u00edcitas, sobre la integridad, exactitud, fiabilidad, idoneidad o disponibilidad con respecto al sitio web o la informaci\u00f3n, los productos, los servicios o los gr\u00e1ficos relacionados contenidos en el sitio web para cualquier prop\u00f3sito. Por lo tanto, cualquier confianza que usted deposite en dicha informaci\u00f3n es estrictamente por su cuenta y riesgo.<\/p>\n\n\n\n<p>En ning\u00fan caso seremos responsables de cualquier p\u00e9rdida o da\u00f1o, incluyendo, sin limitaci\u00f3n, las p\u00e9rdidas o da\u00f1os indirectos o consecuentes, o cualquier p\u00e9rdida o da\u00f1o derivado de la p\u00e9rdida de datos o beneficios que surjan de, o en relaci\u00f3n con, el uso de este sitio web.<\/p>\n\n\n\n<p>A trav\u00e9s de este sitio web usted puede enlazar con otros sitios web que no est\u00e1n bajo el control de la Fundaci\u00f3n Chinche. No tenemos ning\u00fan control sobre la naturaleza, el contenido y la disponibilidad de esos sitios. La inclusi\u00f3n de cualquier enlace no implica necesariamente una recomendaci\u00f3n o aprobaci\u00f3n de las opiniones expresadas en ellos.<\/p>\n\n\n\n<p>Se hace todo lo posible para que el sitio web funcione sin problemas. Sin embargo, BBF no se hace responsable de que el sitio web no est\u00e9 disponible temporalmente debido a problemas t\u00e9cnicos ajenos a nuestra voluntad.<\/p>\n\n\n\n<div style=\"height:18px\" aria-hidden=\"true\" class=\"wp-block-spacer\"><\/div>\n\n\n\n<p><strong>Pol\u00edtica de privacidad<\/strong><\/p>\n\n\n\n<p>Este sitio web (bbf-k9.org) no utiliza cookies ni recoge informaci\u00f3n personal. Las empresas que aparecen en este sitio web han dado su permiso para que los datos de su empresa aparezcan aqu\u00ed a trav\u00e9s de la Pol\u00edtica de Privacidad del sitio hermano de BBF aqu\u00ed: <a href=\"https:\/\/www.bedbugfoundation.org\/privacy-policy\/\" target=\"_blank\" rel=\"noreferrer noopener\">https:\/\/www.bedbugfoundation.org\/privacy-policy\/<\/a><\/p>\n\n\n\n<div style=\"height:18px\" aria-hidden=\"true\" class=\"wp-block-spacer\"><\/div>\n\n\n\n<p><strong>Procedimiento de reclamaci\u00f3n<\/strong><\/p>\n\n\n\n<p>La BBF se toma en serio las quejas.<\/p>\n\n\n\n<p>Las quejas sobre este sitio web y su contenido deben dirigirse a help@bedbugfoundation.org.<\/p>\n\n\n\n<p>Las quejas sobre la conducta de las empresas que figuran en este sitio deben dirigirse al representante del pa\u00eds correspondiente. Los datos de contacto de los representantes de los pa\u00edses pueden encontrarse aqu\u00ed: <a href=\"https:\/\/www.bedbugfoundation.org\/contact\/\" target=\"_blank\" rel=\"noreferrer noopener\">https:\/\/www.bedbugfoundation.org\/contact\/<\/a><\/p>\n\n\n\n<p>Tenga en cuenta que no podemos aceptar reclamaciones an\u00f3nimas ni reclamaciones sobre empresas de perros detectores que no sean de la FBF.<\/p>\n\n\n\n<div style=\"height:18px\" aria-hidden=\"true\" class=\"wp-block-spacer\"><\/div>\n\n\n\n<p><strong>Aviso de derechos de autor<\/strong><\/p>\n\n\n\n<p>Este sitio web y su contenido son propiedad de la Bed Bug Foundation CIC. Todos los derechos reservados.<\/p>\n\n\n\n<p>Queda prohibida la redistribuci\u00f3n o reproducci\u00f3n de parte o de la totalidad del contenido en cualquier forma que no sea la siguiente<\/p>\n\n\n\n<ul class=\"wp-block-list\"><li>puede imprimir o descargar a un disco duro local extractos para su uso personal y no comercial<\/li><li>puede copiar el contenido a terceros individuales para su uso personal, pero s\u00f3lo si reconoce el sitio web como la fuente del material<\/li><\/ul>\n\n\n\n<p>Usted no puede, excepto con nuestro permiso expreso por escrito, distribuir o explotar comercialmente el contenido. Tampoco puede transmitirlo ni almacenarlo en ning\u00fan otro sitio web u otra forma de sistema de recuperaci\u00f3n electr\u00f3nica sin autorizaci\u00f3n previa.<\/p>","protected":false},"excerpt":{"rendered":"<p>Terms and Conditions Introduction Bed Bug Foundation CIC (BBF) is a registered Community Interest Concern with Company Number 12231220. The registered address is: Bed Bug Foundation CIC, Priors Loft, Coleford Road, Tidenham, Chepstow, Monmouthshire, NP16 7JD. By using and\/or visiting the Website you agree to these Terms and Conditions and the Privacy Policy (the \u201cTerms\u201d), [&hellip;]<\/p>\n","protected":false},"author":1,"featured_media":0,"parent":0,"menu_order":0,"comment_status":"closed","ping_status":"closed","template":"","meta":{"footnotes":""},"class_list":["post-100","page","type-page","status-publish","hentry"],"_links":{"self":[{"href":"https:\/\/bbf-k9.org\/es\/wp-json\/wp\/v2\/pages\/100","targetHints":{"allow":["GET"]}}],"collection":[{"href":"https:\/\/bbf-k9.org\/es\/wp-json\/wp\/v2\/pages"}],"about":[{"href":"https:\/\/bbf-k9.org\/es\/wp-json\/wp\/v2\/types\/page"}],"author":[{"embeddable":true,"href":"https:\/\/bbf-k9.org\/es\/wp-json\/wp\/v2\/users\/1"}],"replies":[{"embeddable":true,"href":"https:\/\/bbf-k9.org\/es\/wp-json\/wp\/v2\/comments?post=100"}],"version-history":[{"count":21,"href":"https:\/\/bbf-k9.org\/es\/wp-json\/wp\/v2\/pages\/100\/revisions"}],"predecessor-version":[{"id":343,"href":"https:\/\/bbf-k9.org\/es\/wp-json\/wp\/v2\/pages\/100\/revisions\/343"}],"wp:attachment":[{"href":"https:\/\/bbf-k9.org\/es\/wp-json\/wp\/v2\/media?parent=100"}],"curies":[{"name":"wp","href":"https:\/\/api.w.org\/{rel}","templated":true}]}}