{"id":138,"date":"2021-08-11T15:16:14","date_gmt":"2021-08-11T15:16:14","guid":{"rendered":"https:\/\/bbf-k9.org\/?page_id=138"},"modified":"2024-05-22T15:55:36","modified_gmt":"2024-05-22T15:55:36","slug":"bed-bug-detection-dog","status":"publish","type":"page","link":"https:\/\/bbf-k9.org\/es\/","title":{"rendered":"Buscar en"},"content":{"rendered":"<p><strong><div id=\"asl-search\" class=\"asl-cont asl-search\">\n    <div class=\"sl-container\">\n      <section class=\"asl-search-cont\" style=\"background-color:#fab702\">\n        <h3>Busca tu ubicaci\u00f3n<\/h3>\n        <div class=\"sl-row\">\n            <div class=\"pol-lg-12\">\n                <div class=\"sl-row asl-search-widget text-center center-block\">\n                    <div class=\"pol-md-10 p-0\">\n                        <button class=\"asl-clear-btn\" type=\"button\"><svg width=\"12\" height=\"12\" viewbox=\"0 0 12 12\" xmlns=\"http:\/\/www.w3.org\/2000\/svg\"><path d=\"M.566 1.698L0 1.13 1.132 0l.565.566L6 4.868 10.302.566 10.868 0 12 1.132l-.566.565L7.132 6l4.302 4.3.566.568L10.868 12l-.565-.566L6 7.132l-4.3 4.302L1.13 12 0 10.868l.566-.565L4.868 6 .566 1.698z\"><\/path><\/svg><\/button>\n                        <input data-submit=\"disable\"  id=\"sl-search-widget-text\" class=\"form-control asl-search-cntrl isp_ignore border-r-0\" placeholder=\"Ingrese una ubicaci\u00f3n\">\n                        <span class=\"err-spn\">Falta el destino o no es v\u00e1lido<\/span>\n                        <a title=\"Ubicaci\u00f3n actual\" class=\"sl-geo-btn asl-geo\">\n                            <svg width=\"20px\" height=\"20px\" viewbox=\"0 0 561 561\" fill=\"#bc7801\">\n                                <path d=\"M280.5,178.5c-56.1,0-102,45.9-102,102c0,56.1,45.9,102,102,102c56.1,0,102-45.9,102-102 C382.5,224.4,336.6,178.5,280.5,178.5z M507.45,255C494.7,147.9,410.55,63.75,306,53.55V0h-51v53.55 C147.9,63.75,63.75,147.9,53.55,255H0v51h53.55C66.3,413.1,150.45,497.25,255,507.45V561h51v-53.55 C413.1,494.7,497.25,410.55,507.45,306H561v-51H507.45z M280.5,459C181.05,459,102,379.95,102,280.5S181.05,102,280.5,102 S459,181.05,459,280.5S379.95,459,280.5,459z\"><\/path>\n                            <\/svg>\n                        <\/a>\n                    <\/div>\n                                                            <div class=\"pol-md p-0\">\n                        <button id=\"asl-btn-search\" type=\"button\" style=\"background-color:#bc7801\" class=\"asl-search-btn border-l-0 btn btn-primary\">Buscar<\/button>\n                    <\/div>\n                <\/div>\n            <\/div>\n        <\/div>\n      <\/section>\n    <\/div>\n<\/div><\/strong><\/p>\n\n\n\n<div style=\"height:39px\" aria-hidden=\"true\" id=\"home_spacer\" class=\"wp-block-spacer home_spacer\"><\/div>\n\n\n\n<div class=\"wp-block-columns is-layout-flex wp-container-core-columns-is-layout-9d6595d7 wp-block-columns-is-layout-flex\">\n<div class=\"wp-block-column is-vertically-aligned-center is-layout-flow wp-block-column-is-layout-flow\" style=\"flex-basis:100%\">\n<div class=\"wp-block-columns is-layout-flex wp-container-core-columns-is-layout-9d6595d7 wp-block-columns-is-layout-flex\">\n<div class=\"wp-block-column is-vertically-aligned-center is-layout-flow wp-block-column-is-layout-flow\" style=\"flex-basis:60%\">\n<h4 class=\"wp-block-heading\">\u00bfPor qu\u00e9 elegir los equipos de perros de detecci\u00f3n de chinches certificados por la BBF?<\/h4>\n\n\n\n<div class=\"wp-block-columns is-layout-flex wp-container-core-columns-is-layout-9d6595d7 wp-block-columns-is-layout-flex\">\n<div class=\"wp-block-column is-vertically-aligned-center is-layout-flow wp-block-column-is-layout-flow\" style=\"flex-basis:100%\">\n<div style=\"height:10px\" aria-hidden=\"true\" class=\"wp-block-spacer\"><\/div>\n\n\n\n<p>Los perros detectores de chinches de cama constituyen uno de los campos m\u00e1s dif\u00edciles de la industria de la detecci\u00f3n olfativa. El olor objetivo es extremadamente peque\u00f1o y a menudo se oculta en lugares inaccesibles y profundos.<\/p>\n\n\n\n<div style=\"height:10px\" aria-hidden=\"true\" class=\"wp-block-spacer\"><\/div>\n\n\n\n<p>S\u00f3lo los adiestradores cualificados y los perros cuidadosamente entrenados pueden formar un equipo eficaz de detecci\u00f3n de chinches. Los equipos de BBF se someten a una evaluaci\u00f3n anual independiente para garantizar que operan al m\u00e1s alto nivel.<\/p>\n\n\n\n<div style=\"height:10px\" aria-hidden=\"true\" class=\"wp-block-spacer\"><\/div>\n\n\n\n<p>Los equipos de BBF tambi\u00e9n cuentan con el apoyo de un entom\u00f3logo especializado en biolog\u00eda y control de chinches.<\/p>\n\n\n\n<div style=\"height:10px\" aria-hidden=\"true\" class=\"wp-block-spacer\"><\/div>\n\n\n\n<p>Utilice el campo de b\u00fasqueda de arriba para encontrar equipos de perros de cama certificados por la BBF que operen en su zona.<\/p>\n\n\n\n<div style=\"height:10px\" aria-hidden=\"true\" class=\"wp-block-spacer\"><\/div>\n\n\n\n<p> Para m\u00e1s informaci\u00f3n sobre nuestra organizaci\u00f3n, visite <a href=\"https:\/\/bbf-k9.org\/es\/about\/\">bbf-k9.org\/acerca de<\/a> y nuestra organizaci\u00f3n matriz <a href=\"https:\/\/www.bedbugfoundation.org\" target=\"_blank\" rel=\"noreferrer noopener\">bedbugfoundation.org<\/a>. O bien, busque su centro m\u00e1s cercano <a href=\"https:\/\/www.bedbugfoundation.org\/bbf-approved-training-schools\/\">Escuela de formaci\u00f3n aprobada por la BBF<\/a>.<\/p>\n<\/div>\n<\/div>\n<\/div>\n\n\n\n<div class=\"wp-block-column is-vertically-aligned-center is-layout-flow wp-block-column-is-layout-flow\" style=\"flex-basis:40%\"><div class=\"wp-block-image is-style-rounded\">\n<figure class=\"alignright size-full is-resized\"><img loading=\"lazy\" decoding=\"async\" width=\"500\" height=\"367\" src=\"https:\/\/bbf-k9.org\/wp-content\/uploads\/2021\/11\/dog-nose-bug-2-copy.jpg\" alt=\"Perro detector de chinches BBF\" class=\"wp-image-529\" style=\"width:430px;height:315px\" srcset=\"https:\/\/bbf-k9.org\/wp-content\/uploads\/2021\/11\/dog-nose-bug-2-copy.jpg 500w, https:\/\/bbf-k9.org\/wp-content\/uploads\/2021\/11\/dog-nose-bug-2-copy-300x220.jpg 300w, https:\/\/bbf-k9.org\/wp-content\/uploads\/2021\/11\/dog-nose-bug-2-copy-16x12.jpg 16w\" sizes=\"auto, (max-width: 500px) 100vw, 500px\" \/><\/figure>\n<\/div><\/div>\n<\/div>\n<\/div>\n<\/div>","protected":false},"excerpt":{"rendered":"<p>Why choose BBF Certified Bed Bug Detection Dog Teams? Bed bug detection dogs are one of the most challenging fields of the scent deteciton industry. The target odour is extremely small and often hidden in deep inaccessible locations. Only skilled handlers and carefully trained dogs can form an effective bed bug detection team. BBF Teams [&hellip;]<\/p>\n","protected":false},"author":1,"featured_media":0,"parent":0,"menu_order":0,"comment_status":"closed","ping_status":"closed","template":"","meta":{"footnotes":""},"class_list":["post-138","page","type-page","status-publish","hentry"],"_links":{"self":[{"href":"https:\/\/bbf-k9.org\/es\/wp-json\/wp\/v2\/pages\/138","targetHints":{"allow":["GET"]}}],"collection":[{"href":"https:\/\/bbf-k9.org\/es\/wp-json\/wp\/v2\/pages"}],"about":[{"href":"https:\/\/bbf-k9.org\/es\/wp-json\/wp\/v2\/types\/page"}],"author":[{"embeddable":true,"href":"https:\/\/bbf-k9.org\/es\/wp-json\/wp\/v2\/users\/1"}],"replies":[{"embeddable":true,"href":"https:\/\/bbf-k9.org\/es\/wp-json\/wp\/v2\/comments?post=138"}],"version-history":[{"count":81,"href":"https:\/\/bbf-k9.org\/es\/wp-json\/wp\/v2\/pages\/138\/revisions"}],"predecessor-version":[{"id":920,"href":"https:\/\/bbf-k9.org\/es\/wp-json\/wp\/v2\/pages\/138\/revisions\/920"}],"wp:attachment":[{"href":"https:\/\/bbf-k9.org\/es\/wp-json\/wp\/v2\/media?parent=138"}],"curies":[{"name":"wp","href":"https:\/\/api.w.org\/{rel}","templated":true}]}}