{"id":204,"date":"2021-08-24T13:18:07","date_gmt":"2021-08-24T13:18:07","guid":{"rendered":"https:\/\/bbf-k9.org\/?page_id=204"},"modified":"2021-11-24T17:41:29","modified_gmt":"2021-11-24T17:41:29","slug":"help-find-bed-bugs","status":"publish","type":"page","link":"https:\/\/bbf-k9.org\/es\/help-find-bed-bugs\/","title":{"rendered":"Ayuda"},"content":{"rendered":"<h1 class=\"wp-block-heading\">Preguntas frecuentes<\/h1>\n\n\n\n<div style=\"height:25px\" aria-hidden=\"true\" class=\"wp-block-spacer\"><\/div>\n\n\n\n<h3 class=\"wp-block-heading\">Ayuda, \u00a1creo que tengo chinches! \u00bfQu\u00e9 debo hacer?<\/h3>\n\n\n\n<div style=\"height:5px\" aria-hidden=\"true\" class=\"wp-block-spacer\"><\/div>\n\n\n\n<p>En primer lugar, que no cunda el p\u00e1nico. Si ha descubierto picaduras, pero a\u00fan no ha encontrado pruebas concluyentes de la presencia de chinches, es importante empezar por confirmar si las chinches son las culpables. Aqu\u00ed es donde nuestra red de equipos certificados de detecci\u00f3n de olores puede ayudarle. Introduzca su ubicaci\u00f3n del <a href=\"https:\/\/bbf-k9.org\/es\/map\/\">P\u00e1gina de b\u00fasqueda<\/a> para encontrar empresas que operen cerca de usted.<\/p>\n\n\n\n<p>Tambi\u00e9n puede encontrar consejos de autoayuda sobre la identificaci\u00f3n y la gesti\u00f3n de las chinches de la cama en nuestro sitio hermano <a href=\"https:\/\/www.bedbugfoundation.org\/self-help\/\" target=\"_blank\" rel=\"noreferrer noopener\">bedbugfoundation.org<\/a>.<\/p>\n\n\n\n<p>\u00bfHa encontrado algo sospechoso? Tranquil\u00edcese haciendo uso de nuestra herramienta gratuita&nbsp;<a href=\"http:\/\/bedbugfoundation.org\/specimen-identification-service\/\">servicio de identificaci\u00f3n de muestras<\/a>.<\/p>\n\n\n\n<div style=\"height:20px\" aria-hidden=\"true\" class=\"wp-block-spacer\"><\/div>\n\n\n\n<h3 class=\"wp-block-heading\">\u00bfPor qu\u00e9 deber\u00eda utilizar equipos de detecci\u00f3n de chinches de la cama certificados por BBF?<\/h3>\n\n\n\n<div style=\"height:5px\" aria-hidden=\"true\" class=\"wp-block-spacer\"><\/div>\n\n\n\n<p>Actualmente no existen requisitos legales para que los equipos de perros detectores de chinches pasen una prueba. Por esta raz\u00f3n, la calidad del servicio que reciben los clientes puede ser inconsistente.<\/p>\n\n\n\n<p>El BBF trabaja con una red de <a href=\"https:\/\/www.bedbugfoundation.org\/bbf-approved-training-schools\/\">escuelas de formaci\u00f3n autorizadas<\/a> para proporcionar la certificaci\u00f3n de los perros detectores de chinches. S\u00f3lo las empresas con perros detectores de chinches que han superado la certificaci\u00f3n en los \u00faltimos 12 meses pueden encontrarse en nuestro sitio web. <\/p>\n\n\n\n<p>Todos nuestros equipos han demostrado su capacidad para localizar un peque\u00f1o n\u00famero de chinches en un dormitorio. Nuestros equipos se someten a pruebas anuales para garantizar que su rendimiento es de alto nivel.<\/p>\n\n\n\n<div style=\"height:20px\" aria-hidden=\"true\" class=\"wp-block-spacer\"><\/div>\n\n\n\n<h3 class=\"wp-block-heading\">\u00bfC\u00f3mo puedo utilizar este sitio?<\/h3>\n\n\n\n<div style=\"height:5px\" aria-hidden=\"true\" class=\"wp-block-spacer\"><\/div>\n\n\n\n<p>S\u00f3lo tiene que introducir su ubicaci\u00f3n y pulsar \"Buscar\" para encontrar equipos de perros rastreadores de chinches que operen en su zona.<\/p>\n\n\n\n<p>Para aumentar el radio de b\u00fasqueda, utilice el men\u00fa desplegable situado a la izquierda de la barra de b\u00fasqueda.<\/p>\n\n\n\n<div class=\"wp-block-image\"><figure class=\"alignleft size-full\"><img loading=\"lazy\" decoding=\"async\" width=\"354\" height=\"112\" src=\"https:\/\/bbf-k9.org\/wp-content\/uploads\/2021\/09\/distance-1.png\" alt=\"Desplegable de la DIstancia\" class=\"wp-image-327\" srcset=\"https:\/\/bbf-k9.org\/wp-content\/uploads\/2021\/09\/distance-1.png 354w, https:\/\/bbf-k9.org\/wp-content\/uploads\/2021\/09\/distance-1-300x95.png 300w, https:\/\/bbf-k9.org\/wp-content\/uploads\/2021\/09\/distance-1-18x6.png 18w\" sizes=\"auto, (max-width: 354px) 100vw, 354px\" \/><\/figure><\/div>\n\n\n\n<div style=\"height:10px\" aria-hidden=\"true\" class=\"wp-block-spacer\"><\/div>\n\n\n\n<h3 class=\"wp-block-heading\">\u00bfC\u00f3mo puedo introducir mi propia empresa en este sitio?<\/h3>\n\n\n\n<div style=\"height:5px\" aria-hidden=\"true\" class=\"wp-block-spacer\"><\/div>\n\n\n\n<p>Todos los equipos representados en este sitio son miembros de la Fundaci\u00f3n de chinches de cama que han certificado a trav\u00e9s de nuestro esquema de detecci\u00f3n de chinches de cama.<\/p>\n\n\n\n<p>Si desea saber m\u00e1s sobre el proceso de afiliaci\u00f3n, siga los siguientes pasos <a href=\"https:\/\/www.bedbugfoundation.org\/help\/how-to-become-a-certified-team\/\">este enlace<\/a> a la gu\u00eda de registro que se encuentra en el sitio web de la Fundaci\u00f3n de chinches de la cama.<\/p>\n\n\n\n<div style=\"height:10px\" aria-hidden=\"true\" class=\"wp-block-spacer\"><\/div>\n\n\n\n<div style=\"height:20px\" aria-hidden=\"true\" class=\"wp-block-spacer\"><\/div>\n\n\n\n<h3 class=\"wp-block-heading\">\u00bfC\u00f3mo puedo apoyar a la Fundaci\u00f3n?<\/h3>\n\n\n\n<div style=\"height:5px\" aria-hidden=\"true\" class=\"wp-block-spacer\"><\/div>\n\n\n\n<p>La BBF est\u00e1 dirigida por un equipo de voluntarios, y agradecemos enormemente su apoyo. Si desea contribuir a la labor de la BBF para educar a la gente sobre la gesti\u00f3n de las chinches de la cama, por favor <a href=\"https:\/\/www.bedbugfoundation.org\/support-the-foundation\/\">Ap\u00f3yenos aqu\u00ed<\/a>. <\/p>","protected":false},"excerpt":{"rendered":"<p>Frequently Asked Questions Help, I think I have bed bugs! What should I do? Firstly, don&#8217;t panic. If you have discovered bites, but have not yet found conclusive evidence of bed bugs then it is important to start by confirming whether bed bugs are the culprit. This is where our network of certified scent detection [&hellip;]<\/p>\n","protected":false},"author":1,"featured_media":0,"parent":0,"menu_order":0,"comment_status":"closed","ping_status":"closed","template":"","meta":{"footnotes":""},"class_list":["post-204","page","type-page","status-publish","hentry"],"_links":{"self":[{"href":"https:\/\/bbf-k9.org\/es\/wp-json\/wp\/v2\/pages\/204","targetHints":{"allow":["GET"]}}],"collection":[{"href":"https:\/\/bbf-k9.org\/es\/wp-json\/wp\/v2\/pages"}],"about":[{"href":"https:\/\/bbf-k9.org\/es\/wp-json\/wp\/v2\/types\/page"}],"author":[{"embeddable":true,"href":"https:\/\/bbf-k9.org\/es\/wp-json\/wp\/v2\/users\/1"}],"replies":[{"embeddable":true,"href":"https:\/\/bbf-k9.org\/es\/wp-json\/wp\/v2\/comments?post=204"}],"version-history":[{"count":74,"href":"https:\/\/bbf-k9.org\/es\/wp-json\/wp\/v2\/pages\/204\/revisions"}],"predecessor-version":[{"id":607,"href":"https:\/\/bbf-k9.org\/es\/wp-json\/wp\/v2\/pages\/204\/revisions\/607"}],"wp:attachment":[{"href":"https:\/\/bbf-k9.org\/es\/wp-json\/wp\/v2\/media?parent=204"}],"curies":[{"name":"wp","href":"https:\/\/api.w.org\/{rel}","templated":true}]}}