{"id":6,"date":"2021-05-11T12:14:00","date_gmt":"2021-05-11T12:14:00","guid":{"rendered":"https:\/\/detectordogfinder.com\/?page_id=6"},"modified":"2024-06-04T13:56:16","modified_gmt":"2024-06-04T13:56:16","slug":"the-bed-bug-foundation","status":"publish","type":"page","link":"https:\/\/bbf-k9.org\/es\/the-bed-bug-foundation\/","title":{"rendered":"La Fundaci\u00f3n contra las chinches de la cama"},"content":{"rendered":"<div class=\"wp-block-columns are-vertically-aligned-center is-layout-flex wp-container-core-columns-is-layout-9d6595d7 wp-block-columns-is-layout-flex\">\n<div class=\"wp-block-column is-vertically-aligned-center is-layout-flow wp-block-column-is-layout-flow\" style=\"flex-basis:50%\">\n<div class=\"wp-block-image\"><figure class=\"aligncenter size-full is-resized\"><img loading=\"lazy\" decoding=\"async\" src=\"https:\/\/bbf-k9.org\/wp-content\/uploads\/2021\/08\/BBF-LOGO-3.png\" alt=\"\" class=\"wp-image-214\" width=\"196\" height=\"76\" srcset=\"https:\/\/bbf-k9.org\/wp-content\/uploads\/2021\/08\/BBF-LOGO-3.png 500w, https:\/\/bbf-k9.org\/wp-content\/uploads\/2021\/08\/BBF-LOGO-3-300x116.png 300w\" sizes=\"auto, (max-width: 196px) 100vw, 196px\" \/><\/figure><\/div>\n\n\n\n<p>Bed Bug Foundation CIC (12231220) es una fundaci\u00f3n sin \u00e1nimo de lucro, dedicada a elevar los est\u00e1ndares en la detecci\u00f3n y gesti\u00f3n de las chinches de cama. Nuestro sitio web principal es <a href=\"https:\/\/bedbugfoundation.org\">bedbugfoundation.org<\/a>.<\/p>\n\n\n\n<div style=\"height:25px\" aria-hidden=\"true\" class=\"wp-block-spacer\"><\/div>\n\n\n\n<p>BBF tiene dos objetivos principales. Apoyamos al sector de la gesti\u00f3n de plagas y al p\u00fablico en general en la correcta identificaci\u00f3n y el tratamiento adecuado de las chinches de la cama (<em>Cimex lectularius<\/em>) a trav\u00e9s de un <a href=\"https:\/\/www.bedbugfoundation.org\/specimen-identification-service\/\">servicio de identificaci\u00f3n de muestras<\/a> y el sitio web de informaci\u00f3n.<\/p>\n\n\n\n<div style=\"height:25px\" aria-hidden=\"true\" class=\"wp-block-spacer\"><\/div>\n\n\n\n<p>La segunda rama de nuestra organizaci\u00f3n se encarga de la certificaci\u00f3n del sector de los perros detectores de camas. A trav\u00e9s de una red de <a href=\"https:\/\/www.bedbugfoundation.org\/bbf-approved-training-schools\/\">escuelas aprobadas<\/a> realizamos certificaciones anuales de equipos caninos en toda Europa Occidental.<\/p>\n\n\n\n<div style=\"height:25px\" aria-hidden=\"true\" class=\"wp-block-spacer\"><\/div>\n\n\n\n<p>Todas las empresas con equipos certificados de detecci\u00f3n de chinches se pueden encontrar en este sitio. Por favor, utilice nuestro <a href=\"https:\/\/bbf-k9.org\/es\/map\/\">herramientas de b\u00fasqueda<\/a> para encontrar equipos de perros detectores de chinches competentes que operen en su zona.<\/p>\n<\/div>\n\n\n\n<div class=\"wp-block-column is-vertically-aligned-center is-layout-flow wp-block-column-is-layout-flow\" style=\"flex-basis:50%\">\n<div class=\"wp-block-image is-style-default\"><figure class=\"aligncenter size-full is-resized\"><img loading=\"lazy\" decoding=\"async\" src=\"https:\/\/bbf-k9.org\/wp-content\/uploads\/2021\/09\/SH7W3027-square-copy.jpg\" alt=\"\" class=\"wp-image-363\" width=\"458\" height=\"486\" srcset=\"https:\/\/bbf-k9.org\/wp-content\/uploads\/2021\/09\/SH7W3027-square-copy.jpg 916w, https:\/\/bbf-k9.org\/wp-content\/uploads\/2021\/09\/SH7W3027-square-copy-283x300.jpg 283w, https:\/\/bbf-k9.org\/wp-content\/uploads\/2021\/09\/SH7W3027-square-copy-768x814.jpg 768w, https:\/\/bbf-k9.org\/wp-content\/uploads\/2021\/09\/SH7W3027-square-copy-11x12.jpg 11w\" sizes=\"auto, (max-width: 458px) 100vw, 458px\" \/><\/figure><\/div>\n<\/div>\n<\/div>\n\n\n\n<div style=\"height:50px\" aria-hidden=\"true\" class=\"wp-block-spacer\"><\/div>\n\n\n\n<p>Para m\u00e1s informaci\u00f3n sobre nuestra organizaci\u00f3n, siga este enlace:   <a href=\"https:\/\/www.bedbugfoundation.org\/about\/\">https:\/\/www.bedbugfoundation.org\/about\/<\/a><\/p>","protected":false},"excerpt":{"rendered":"<p>Bed Bug Foundation CIC (12231220) is a not-for-profit foundation, dedicated to raising standards in the detection and management of bed bugs. Our primary website is bedbugfoundation.org. BBF has two main focusses. We support the pest management industry and general public in the correct identification and appropriate treatment of bedbugs (Cimex lectularius) through a free specimen [&hellip;]<\/p>\n","protected":false},"author":1,"featured_media":0,"parent":0,"menu_order":0,"comment_status":"closed","ping_status":"closed","template":"","meta":{"footnotes":""},"class_list":["post-6","page","type-page","status-publish","hentry"],"_links":{"self":[{"href":"https:\/\/bbf-k9.org\/es\/wp-json\/wp\/v2\/pages\/6","targetHints":{"allow":["GET"]}}],"collection":[{"href":"https:\/\/bbf-k9.org\/es\/wp-json\/wp\/v2\/pages"}],"about":[{"href":"https:\/\/bbf-k9.org\/es\/wp-json\/wp\/v2\/types\/page"}],"author":[{"embeddable":true,"href":"https:\/\/bbf-k9.org\/es\/wp-json\/wp\/v2\/users\/1"}],"replies":[{"embeddable":true,"href":"https:\/\/bbf-k9.org\/es\/wp-json\/wp\/v2\/comments?post=6"}],"version-history":[{"count":33,"href":"https:\/\/bbf-k9.org\/es\/wp-json\/wp\/v2\/pages\/6\/revisions"}],"predecessor-version":[{"id":998,"href":"https:\/\/bbf-k9.org\/es\/wp-json\/wp\/v2\/pages\/6\/revisions\/998"}],"wp:attachment":[{"href":"https:\/\/bbf-k9.org\/es\/wp-json\/wp\/v2\/media?parent=6"}],"curies":[{"name":"wp","href":"https:\/\/api.w.org\/{rel}","templated":true}]}}