{"id":100,"date":"2021-08-11T13:58:49","date_gmt":"2021-08-11T13:58:49","guid":{"rendered":"https:\/\/bbf-k9.org\/?page_id=100"},"modified":"2021-09-01T10:51:32","modified_gmt":"2021-09-01T10:51:32","slug":"legal","status":"publish","type":"page","link":"https:\/\/bbf-k9.org\/fr\/legal\/","title":{"rendered":"Mentions l\u00e9gales"},"content":{"rendered":"<h3 class=\"wp-block-heading\"><strong>Modalit\u00e9s et conditions<\/strong><\/h3>\n\n\n\n<p><strong>Introduction<\/strong><\/p>\n\n\n\n<p>Bed Bug Foundation CIC (BBF) est une association d'int\u00e9r\u00eat communautaire enregistr\u00e9e sous le num\u00e9ro 12231220. L'adresse enregistr\u00e9e est la suivante Bed Bug Foundation CIC, Priors Loft, Coleford Road, Tidenham, Chepstow, Monmouthshire, NP16 7JD.<\/p>\n\n\n\n<p>En utilisant et\/ou en visitant le site Web, vous acceptez les pr\u00e9sentes conditions g\u00e9n\u00e9rales et la politique de confidentialit\u00e9 (les \"conditions g\u00e9n\u00e9rales\"), et vous consentez express\u00e9ment \u00e0 \u00eatre li\u00e9 par les conditions g\u00e9n\u00e9rales et toutes les lois et r\u00e9glementations applicables qui r\u00e9gissent le site Web. Si vous n'\u00eates pas d'accord avec une quelconque partie de ces conditions, vous ne devez pas utiliser le site web.<\/p>\n\n\n\n<p>Bed Bug Foundation CIC peut \u00e0 tout moment modifier le contenu du site Internet et\/ou les conditions, et une telle modification entre en vigueur d\u00e8s la publication du contenu et\/ou des conditions modifi\u00e9s sur le site Internet, et votre utilisation continue du site Internet ou votre acc\u00e8s \u00e0 celui-ci est consid\u00e9r\u00e9 comme une acceptation du contenu et\/ou des conditions modifi\u00e9s.<\/p>\n\n\n\n<div style=\"height:18px\" aria-hidden=\"true\" class=\"wp-block-spacer\"><\/div>\n\n\n\n<p><strong>Informations importantes<\/strong><\/p>\n\n\n\n<p>Bed Bug Foundation CIC agit en tant qu'organisme de certification pour l'industrie des chiens d\u00e9tecteurs d'odeurs de punaises de lit. Les entreprises poss\u00e9dant des \u00e9quipes de chiens d\u00e9tecteurs de punaises de lit qui ont pass\u00e9 avec succ\u00e8s le processus de certification de la BBF au cours des 12 derniers mois sont automatiquement r\u00e9pertori\u00e9es sur ce site web (<a href=\"http:\/\/bbf-k9.org\/fr\/\">bbf-k9.org<\/a>).<\/p>\n\n\n\n<p>Toutes les entreprises r\u00e9pertori\u00e9es sur ce site ont le droit de demander que leurs coordonn\u00e9es soient supprim\u00e9es ou mises \u00e0 jour \u00e0 tout moment, mais, sauf demande expresse contraire, toutes les entreprises disposant d'\u00e9quipes de chiens d\u00e9tecteurs de punaises de lit certifi\u00e9es par la BBF sont automatiquement incluses sur ce site.<\/p>\n\n\n\n<p>Les entreprises dont les \u00e9quipes de chiens de d\u00e9tection ont \u00e9t\u00e9 certifi\u00e9es par la BBF mais dont la certification a expir\u00e9 depuis sont automatiquement retir\u00e9es du site. Cependant, la Bed Bug Foundation CIC se r\u00e9serve le droit de prolonger la validit\u00e9 des certifications au-del\u00e0 de 12 mois dans certaines situations, par exemple lorsque les restrictions de voyage dues au COVID ont rendu impossible la recertification.<\/p>\n\n\n\n<p>Des informations suppl\u00e9mentaires sur le processus de certification du BBF et les d\u00e9tails de chaque \u00e9quipe certifi\u00e9e sont disponibles sur le site parent <a href=\"http:\/\/bedbugfoundation.org\">fondation contre les punaises de lit.org<\/a>.<\/p>\n\n\n\n<div style=\"height:18px\" aria-hidden=\"true\" class=\"wp-block-spacer\"><\/div>\n\n\n\n<p><strong>Avis de non-responsabilit\u00e9<\/strong><\/p>\n\n\n\n<p>Les informations contenues dans ce site web sont uniquement destin\u00e9es \u00e0 des fins d'information g\u00e9n\u00e9rale. Les informations sont fournies par le GFB et, bien que nous nous efforcions de maintenir les informations \u00e0 jour et correctes, nous ne faisons aucune d\u00e9claration ou garantie de quelque nature que ce soit, expresse ou implicite, concernant l'exhaustivit\u00e9, l'exactitude, la fiabilit\u00e9, la pertinence ou la disponibilit\u00e9 du site Web ou des informations, produits, services ou graphiques connexes contenus sur le site Web \u00e0 quelque fin que ce soit. Toute confiance que vous accordez \u00e0 ces informations est donc strictement \u00e0 vos risques et p\u00e9rils.<\/p>\n\n\n\n<p>En aucun cas, nous ne serons responsables de toute perte ou de tout dommage, y compris, mais sans s'y limiter, les pertes ou les dommages indirects ou cons\u00e9cutifs, ou toute perte ou tout dommage, quel qu'il soit, r\u00e9sultant de la perte de donn\u00e9es ou de profits d\u00e9coulant de, ou en relation avec, l'utilisation de ce site Web.<\/p>\n\n\n\n<p>Par le biais de ce site web, vous pouvez vous connecter \u00e0 d'autres sites web qui ne sont pas sous le contr\u00f4le de la Bed Bug Foundation. Nous n'avons aucun contr\u00f4le sur la nature, le contenu et la disponibilit\u00e9 de ces sites. L'inclusion de tout lien n'implique pas n\u00e9cessairement une recommandation ou l'approbation des opinions exprim\u00e9es dans ces sites.<\/p>\n\n\n\n<p>Tous les efforts sont faits pour que le site Web reste op\u00e9rationnel et fonctionne sans probl\u00e8me. Toutefois, BBF n'assume aucune responsabilit\u00e9 et ne peut \u00eatre tenu responsable de l'indisponibilit\u00e9 temporaire du site web en raison de probl\u00e8mes techniques ind\u00e9pendants de notre volont\u00e9.<\/p>\n\n\n\n<div style=\"height:18px\" aria-hidden=\"true\" class=\"wp-block-spacer\"><\/div>\n\n\n\n<p><strong>Politique de confidentialit\u00e9<\/strong><\/p>\n\n\n\n<p>Ce site Web (bbf-k9.org) n'utilise pas de cookies et ne collecte pas d'informations personnelles. Les entreprises r\u00e9pertori\u00e9es sur ce site ont donn\u00e9 leur accord pour que les d\u00e9tails de leur entreprise soient r\u00e9pertori\u00e9s ici via la politique de confidentialit\u00e9 du site fr\u00e8re du BBF ici : <a href=\"https:\/\/www.bedbugfoundation.org\/privacy-policy\/\" target=\"_blank\" rel=\"noreferrer noopener\">https:\/\/www.bedbugfoundation.org\/privacy-policy\/<\/a><\/p>\n\n\n\n<div style=\"height:18px\" aria-hidden=\"true\" class=\"wp-block-spacer\"><\/div>\n\n\n\n<p><strong>Proc\u00e9dure de plainte<\/strong><\/p>\n\n\n\n<p>Le BBF prend les plaintes au s\u00e9rieux.<\/p>\n\n\n\n<p>Les plaintes concernant ce site web et son contenu doivent \u00eatre adress\u00e9es \u00e0 help@bedbugfoundation.org.<\/p>\n\n\n\n<p>Les plaintes concernant la conduite des entreprises figurant sur ce site doivent \u00eatre adress\u00e9es au repr\u00e9sentant du pays concern\u00e9. Les coordonn\u00e9es des repr\u00e9sentants nationaux peuvent \u00eatre trouv\u00e9es ici : <a href=\"https:\/\/www.bedbugfoundation.org\/contact\/\" target=\"_blank\" rel=\"noreferrer noopener\">https:\/\/www.bedbugfoundation.org\/contact\/<\/a><\/p>\n\n\n\n<p>Veuillez noter que nous ne pouvons pas accepter les plaintes anonymes ou les plaintes concernant des soci\u00e9t\u00e9s de chiens de d\u00e9tection qui ne sont pas membres du BBF.<\/p>\n\n\n\n<div style=\"height:18px\" aria-hidden=\"true\" class=\"wp-block-spacer\"><\/div>\n\n\n\n<p><strong>Avis de droit d'auteur<\/strong><\/p>\n\n\n\n<p>Ce site web et son contenu sont prot\u00e9g\u00e9s par le droit d'auteur de la Bed Bug Foundation CIC. Tous droits r\u00e9serv\u00e9s.<\/p>\n\n\n\n<p>Toute redistribution ou reproduction d'une partie ou de la totalit\u00e9 du contenu sous quelque forme que ce soit est interdite, \u00e0 l'exception de ce qui suit :<\/p>\n\n\n\n<ul class=\"wp-block-list\"><li>vous pouvez imprimer ou t\u00e9l\u00e9charger sur un disque dur local des extraits pour votre usage personnel et non commercial uniquement<\/li><li>vous pouvez copier le contenu \u00e0 des tiers individuels pour leur usage personnel, mais seulement si vous reconnaissez le site web comme la source du mat\u00e9riel<\/li><\/ul>\n\n\n\n<p>Vous ne pouvez pas, sauf avec notre autorisation \u00e9crite expresse, distribuer ou exploiter commercialement le contenu. Vous ne pouvez pas non plus le transmettre ou le stocker dans un autre site web ou une autre forme de syst\u00e8me d'extraction \u00e9lectronique sans autorisation pr\u00e9alable.<\/p>","protected":false},"excerpt":{"rendered":"<p>Terms and Conditions Introduction Bed Bug Foundation CIC (BBF) is a registered Community Interest Concern with Company Number 12231220. The registered address is: Bed Bug Foundation CIC, Priors Loft, Coleford Road, Tidenham, Chepstow, Monmouthshire, NP16 7JD. By using and\/or visiting the Website you agree to these Terms and Conditions and the Privacy Policy (the \u201cTerms\u201d), [&hellip;]<\/p>\n","protected":false},"author":1,"featured_media":0,"parent":0,"menu_order":0,"comment_status":"closed","ping_status":"closed","template":"","meta":{"footnotes":""},"class_list":["post-100","page","type-page","status-publish","hentry"],"_links":{"self":[{"href":"https:\/\/bbf-k9.org\/fr\/wp-json\/wp\/v2\/pages\/100","targetHints":{"allow":["GET"]}}],"collection":[{"href":"https:\/\/bbf-k9.org\/fr\/wp-json\/wp\/v2\/pages"}],"about":[{"href":"https:\/\/bbf-k9.org\/fr\/wp-json\/wp\/v2\/types\/page"}],"author":[{"embeddable":true,"href":"https:\/\/bbf-k9.org\/fr\/wp-json\/wp\/v2\/users\/1"}],"replies":[{"embeddable":true,"href":"https:\/\/bbf-k9.org\/fr\/wp-json\/wp\/v2\/comments?post=100"}],"version-history":[{"count":21,"href":"https:\/\/bbf-k9.org\/fr\/wp-json\/wp\/v2\/pages\/100\/revisions"}],"predecessor-version":[{"id":343,"href":"https:\/\/bbf-k9.org\/fr\/wp-json\/wp\/v2\/pages\/100\/revisions\/343"}],"wp:attachment":[{"href":"https:\/\/bbf-k9.org\/fr\/wp-json\/wp\/v2\/media?parent=100"}],"curies":[{"name":"wp","href":"https:\/\/api.w.org\/{rel}","templated":true}]}}