{"id":204,"date":"2021-08-24T13:18:07","date_gmt":"2021-08-24T13:18:07","guid":{"rendered":"https:\/\/bbf-k9.org\/?page_id=204"},"modified":"2021-11-24T17:41:29","modified_gmt":"2021-11-24T17:41:29","slug":"help-find-bed-bugs","status":"publish","type":"page","link":"https:\/\/bbf-k9.org\/fr\/help-find-bed-bugs\/","title":{"rendered":"Aide"},"content":{"rendered":"<h1 class=\"wp-block-heading\">Questions fr\u00e9quemment pos\u00e9es<\/h1>\n\n\n\n<div style=\"height:25px\" aria-hidden=\"true\" class=\"wp-block-spacer\"><\/div>\n\n\n\n<h3 class=\"wp-block-heading\">Au secours, je crois que j'ai des punaises de lit ! Que dois-je faire ?<\/h3>\n\n\n\n<div style=\"height:5px\" aria-hidden=\"true\" class=\"wp-block-spacer\"><\/div>\n\n\n\n<p>Tout d'abord, ne paniquez pas. Si vous avez d\u00e9couvert des morsures, mais que vous n'avez pas encore trouv\u00e9 de preuves concluantes de la pr\u00e9sence de punaises de lit, il est important de commencer par confirmer si les punaises de lit sont les coupables. C'est l\u00e0 que notre r\u00e9seau d'\u00e9quipes de d\u00e9tection olfactive certifi\u00e9es peut vous aider. Saisissez votre localisation de la <a href=\"https:\/\/bbf-k9.org\/fr\/map\/\">Page de recherche<\/a> pour trouver des entreprises op\u00e9rant pr\u00e8s de chez vous.<\/p>\n\n\n\n<p>Vous pouvez \u00e9galement trouver des conseils d'auto-assistance sur l'identification et la gestion des punaises de lit sur notre site partenaire. <a href=\"https:\/\/www.bedbugfoundation.org\/self-help\/\" target=\"_blank\" rel=\"noreferrer noopener\">fondation contre les punaises de lit.org<\/a>.<\/p>\n\n\n\n<p>Vous avez trouv\u00e9 quelque chose de suspect ? Mettez votre esprit \u00e0 l'aise en utilisant notre service gratuit&nbsp;<a href=\"http:\/\/bedbugfoundation.org\/specimen-identification-service\/\">service d'identification des sp\u00e9cimens<\/a>.<\/p>\n\n\n\n<div style=\"height:20px\" aria-hidden=\"true\" class=\"wp-block-spacer\"><\/div>\n\n\n\n<h3 class=\"wp-block-heading\">Pourquoi devrais-je faire appel \u00e0 des \u00e9quipes de d\u00e9tection de punaises de lit certifi\u00e9es BBF ?<\/h3>\n\n\n\n<div style=\"height:5px\" aria-hidden=\"true\" class=\"wp-block-spacer\"><\/div>\n\n\n\n<p>Il n'existe actuellement aucune obligation l\u00e9gale pour les \u00e9quipes de chiens d\u00e9tecteurs de punaises de lit de passer un test. C'est pourquoi la qualit\u00e9 du service offert aux clients peut \u00eatre in\u00e9gale.<\/p>\n\n\n\n<p>Le BBF travaille avec un r\u00e9seau de <a href=\"https:\/\/www.bedbugfoundation.org\/bbf-approved-training-schools\/\">\u00e9coles de formation agr\u00e9\u00e9es<\/a> pour fournir la certification des chiens d\u00e9tecteurs de punaises de lit. Seules les entreprises poss\u00e9dant des chiens d\u00e9tecteurs de punaises de lit ayant pass\u00e9 la certification au cours des 12 derniers mois peuvent figurer sur notre site web. <\/p>\n\n\n\n<p>Toutes nos \u00e9quipes ont prouv\u00e9 leur capacit\u00e9 \u00e0 localiser un petit nombre de punaises de lit dans une chambre \u00e0 coucher. Nos \u00e9quipes sont test\u00e9es chaque ann\u00e9e pour s'assurer qu'elles r\u00e9pondent \u00e0 des normes \u00e9lev\u00e9es.<\/p>\n\n\n\n<div style=\"height:20px\" aria-hidden=\"true\" class=\"wp-block-spacer\"><\/div>\n\n\n\n<h3 class=\"wp-block-heading\">Comment puis-je utiliser ce site ?<\/h3>\n\n\n\n<div style=\"height:5px\" aria-hidden=\"true\" class=\"wp-block-spacer\"><\/div>\n\n\n\n<p>Il suffit d'entrer votre lieu de r\u00e9sidence et de cliquer sur \"Rechercher\" pour trouver les \u00e9quipes de chiens sp\u00e9cialis\u00e9s dans la lutte contre les punaises de lit op\u00e9rant dans votre r\u00e9gion.<\/p>\n\n\n\n<p>Pour augmenter le rayon de recherche, utilisez le menu d\u00e9roulant \u00e0 gauche de la barre de recherche.<\/p>\n\n\n\n<div class=\"wp-block-image\"><figure class=\"alignleft size-full\"><img loading=\"lazy\" decoding=\"async\" width=\"354\" height=\"112\" src=\"https:\/\/bbf-k9.org\/wp-content\/uploads\/2021\/09\/distance-1.png\" alt=\"Liste d\u00e9roulante DIstance\" class=\"wp-image-327\" srcset=\"https:\/\/bbf-k9.org\/wp-content\/uploads\/2021\/09\/distance-1.png 354w, https:\/\/bbf-k9.org\/wp-content\/uploads\/2021\/09\/distance-1-300x95.png 300w, https:\/\/bbf-k9.org\/wp-content\/uploads\/2021\/09\/distance-1-18x6.png 18w\" sizes=\"auto, (max-width: 354px) 100vw, 354px\" \/><\/figure><\/div>\n\n\n\n<div style=\"height:10px\" aria-hidden=\"true\" class=\"wp-block-spacer\"><\/div>\n\n\n\n<h3 class=\"wp-block-heading\">Comment faire entrer ma propre entreprise sur ce site ?<\/h3>\n\n\n\n<div style=\"height:5px\" aria-hidden=\"true\" class=\"wp-block-spacer\"><\/div>\n\n\n\n<p>Toutes les \u00e9quipes repr\u00e9sent\u00e9es sur ce site sont des membres de la Bed Bug Foundation qui ont \u00e9t\u00e9 certifi\u00e9s par notre programme de d\u00e9tection olfactive des punaises de lit.<\/p>\n\n\n\n<p>Si vous souhaitez en savoir plus sur la proc\u00e9dure \u00e0 suivre pour devenir membre, veuillez suivre les instructions suivantes <a href=\"https:\/\/www.bedbugfoundation.org\/help\/how-to-become-a-certified-team\/\">ce lien<\/a> \u00e0 la proc\u00e9dure d'enregistrement qui se trouve sur le site parent de la Fondation Bed Bug.<\/p>\n\n\n\n<div style=\"height:10px\" aria-hidden=\"true\" class=\"wp-block-spacer\"><\/div>\n\n\n\n<div style=\"height:20px\" aria-hidden=\"true\" class=\"wp-block-spacer\"><\/div>\n\n\n\n<h3 class=\"wp-block-heading\">Comment puis-je soutenir la Fondation ?<\/h3>\n\n\n\n<div style=\"height:5px\" aria-hidden=\"true\" class=\"wp-block-spacer\"><\/div>\n\n\n\n<p>Le BBF est g\u00e9r\u00e9 par une \u00e9quipe de b\u00e9n\u00e9voles, et nous appr\u00e9cions grandement votre soutien. Si vous souhaitez contribuer au travail de la BBF en \u00e9duquant les gens sur la gestion des punaises de lit, veuillez <a href=\"https:\/\/www.bedbugfoundation.org\/support-the-foundation\/\">Soutenez-nous ici<\/a>. <\/p>","protected":false},"excerpt":{"rendered":"<p>Frequently Asked Questions Help, I think I have bed bugs! What should I do? Firstly, don&#8217;t panic. If you have discovered bites, but have not yet found conclusive evidence of bed bugs then it is important to start by confirming whether bed bugs are the culprit. This is where our network of certified scent detection [&hellip;]<\/p>\n","protected":false},"author":1,"featured_media":0,"parent":0,"menu_order":0,"comment_status":"closed","ping_status":"closed","template":"","meta":{"footnotes":""},"class_list":["post-204","page","type-page","status-publish","hentry"],"_links":{"self":[{"href":"https:\/\/bbf-k9.org\/fr\/wp-json\/wp\/v2\/pages\/204","targetHints":{"allow":["GET"]}}],"collection":[{"href":"https:\/\/bbf-k9.org\/fr\/wp-json\/wp\/v2\/pages"}],"about":[{"href":"https:\/\/bbf-k9.org\/fr\/wp-json\/wp\/v2\/types\/page"}],"author":[{"embeddable":true,"href":"https:\/\/bbf-k9.org\/fr\/wp-json\/wp\/v2\/users\/1"}],"replies":[{"embeddable":true,"href":"https:\/\/bbf-k9.org\/fr\/wp-json\/wp\/v2\/comments?post=204"}],"version-history":[{"count":74,"href":"https:\/\/bbf-k9.org\/fr\/wp-json\/wp\/v2\/pages\/204\/revisions"}],"predecessor-version":[{"id":607,"href":"https:\/\/bbf-k9.org\/fr\/wp-json\/wp\/v2\/pages\/204\/revisions\/607"}],"wp:attachment":[{"href":"https:\/\/bbf-k9.org\/fr\/wp-json\/wp\/v2\/media?parent=204"}],"curies":[{"name":"wp","href":"https:\/\/api.w.org\/{rel}","templated":true}]}}