{"id":6,"date":"2021-05-11T12:14:00","date_gmt":"2021-05-11T12:14:00","guid":{"rendered":"https:\/\/detectordogfinder.com\/?page_id=6"},"modified":"2024-06-04T13:56:16","modified_gmt":"2024-06-04T13:56:16","slug":"the-bed-bug-foundation","status":"publish","type":"page","link":"https:\/\/bbf-k9.org\/fr\/the-bed-bug-foundation\/","title":{"rendered":"La fondation contre les punaises de lit"},"content":{"rendered":"<div class=\"wp-block-columns are-vertically-aligned-center is-layout-flex wp-container-core-columns-is-layout-9d6595d7 wp-block-columns-is-layout-flex\">\n<div class=\"wp-block-column is-vertically-aligned-center is-layout-flow wp-block-column-is-layout-flow\" style=\"flex-basis:50%\">\n<div class=\"wp-block-image\"><figure class=\"aligncenter size-full is-resized\"><img loading=\"lazy\" decoding=\"async\" src=\"https:\/\/bbf-k9.org\/wp-content\/uploads\/2021\/08\/BBF-LOGO-3.png\" alt=\"\" class=\"wp-image-214\" width=\"196\" height=\"76\" srcset=\"https:\/\/bbf-k9.org\/wp-content\/uploads\/2021\/08\/BBF-LOGO-3.png 500w, https:\/\/bbf-k9.org\/wp-content\/uploads\/2021\/08\/BBF-LOGO-3-300x116.png 300w\" sizes=\"auto, (max-width: 196px) 100vw, 196px\" \/><\/figure><\/div>\n\n\n\n<p>Bed Bug Foundation CIC (12231220) est une fondation \u00e0 but non lucratif, qui se consacre \u00e0 l'am\u00e9lioration des normes en mati\u00e8re de d\u00e9tection et de gestion des punaises de lit. Notre site web principal est <a href=\"https:\/\/bedbugfoundation.org\">fondation contre les punaises de lit.org<\/a>.<\/p>\n\n\n\n<div style=\"height:25px\" aria-hidden=\"true\" class=\"wp-block-spacer\"><\/div>\n\n\n\n<p>Le BBF a deux objectifs principaux. Nous soutenons l'industrie de la gestion des nuisibles et le grand public dans l'identification correcte et le traitement appropri\u00e9 des punaises de lit (<em>Cimex lectularius<\/em>) par le biais d'une <a href=\"https:\/\/www.bedbugfoundation.org\/specimen-identification-service\/\">service d'identification des sp\u00e9cimens<\/a> et site d'information.<\/p>\n\n\n\n<div style=\"height:25px\" aria-hidden=\"true\" class=\"wp-block-spacer\"><\/div>\n\n\n\n<p>La deuxi\u00e8me branche de notre organisation fournit une certification pour l'industrie des chiens d\u00e9tecteurs de lits. Gr\u00e2ce \u00e0 un r\u00e9seau de <a href=\"https:\/\/www.bedbugfoundation.org\/bbf-approved-training-schools\/\">\u00e9coles agr\u00e9\u00e9es<\/a> nous effectuons des certifications annuelles d'\u00e9quipes cynophiles dans toute l'Europe occidentale.<\/p>\n\n\n\n<div style=\"height:25px\" aria-hidden=\"true\" class=\"wp-block-spacer\"><\/div>\n\n\n\n<p>Toutes les entreprises disposant d'\u00e9quipes certifi\u00e9es de d\u00e9tection des punaises de lit se trouvent sur ce site. Veuillez utiliser notre <a href=\"https:\/\/bbf-k9.org\/fr\/map\/\">outils de recherche<\/a> pour trouver des \u00e9quipes comp\u00e9tentes de chiens d\u00e9tecteurs de punaises de lit op\u00e9rant dans votre r\u00e9gion.<\/p>\n<\/div>\n\n\n\n<div class=\"wp-block-column is-vertically-aligned-center is-layout-flow wp-block-column-is-layout-flow\" style=\"flex-basis:50%\">\n<div class=\"wp-block-image is-style-default\"><figure class=\"aligncenter size-full is-resized\"><img loading=\"lazy\" decoding=\"async\" src=\"https:\/\/bbf-k9.org\/wp-content\/uploads\/2021\/09\/SH7W3027-square-copy.jpg\" alt=\"\" class=\"wp-image-363\" width=\"458\" height=\"486\" srcset=\"https:\/\/bbf-k9.org\/wp-content\/uploads\/2021\/09\/SH7W3027-square-copy.jpg 916w, https:\/\/bbf-k9.org\/wp-content\/uploads\/2021\/09\/SH7W3027-square-copy-283x300.jpg 283w, https:\/\/bbf-k9.org\/wp-content\/uploads\/2021\/09\/SH7W3027-square-copy-768x814.jpg 768w, https:\/\/bbf-k9.org\/wp-content\/uploads\/2021\/09\/SH7W3027-square-copy-11x12.jpg 11w\" sizes=\"auto, (max-width: 458px) 100vw, 458px\" \/><\/figure><\/div>\n<\/div>\n<\/div>\n\n\n\n<div style=\"height:50px\" aria-hidden=\"true\" class=\"wp-block-spacer\"><\/div>\n\n\n\n<p>Pour plus d'informations sur notre organisation, veuillez suivre ce lien :   <a href=\"https:\/\/www.bedbugfoundation.org\/about\/\">https:\/\/www.bedbugfoundation.org\/about\/<\/a><\/p>","protected":false},"excerpt":{"rendered":"<p>Bed Bug Foundation CIC (12231220) is a not-for-profit foundation, dedicated to raising standards in the detection and management of bed bugs. Our primary website is bedbugfoundation.org. BBF has two main focusses. We support the pest management industry and general public in the correct identification and appropriate treatment of bedbugs (Cimex lectularius) through a free specimen [&hellip;]<\/p>\n","protected":false},"author":1,"featured_media":0,"parent":0,"menu_order":0,"comment_status":"closed","ping_status":"closed","template":"","meta":{"footnotes":""},"class_list":["post-6","page","type-page","status-publish","hentry"],"_links":{"self":[{"href":"https:\/\/bbf-k9.org\/fr\/wp-json\/wp\/v2\/pages\/6","targetHints":{"allow":["GET"]}}],"collection":[{"href":"https:\/\/bbf-k9.org\/fr\/wp-json\/wp\/v2\/pages"}],"about":[{"href":"https:\/\/bbf-k9.org\/fr\/wp-json\/wp\/v2\/types\/page"}],"author":[{"embeddable":true,"href":"https:\/\/bbf-k9.org\/fr\/wp-json\/wp\/v2\/users\/1"}],"replies":[{"embeddable":true,"href":"https:\/\/bbf-k9.org\/fr\/wp-json\/wp\/v2\/comments?post=6"}],"version-history":[{"count":33,"href":"https:\/\/bbf-k9.org\/fr\/wp-json\/wp\/v2\/pages\/6\/revisions"}],"predecessor-version":[{"id":998,"href":"https:\/\/bbf-k9.org\/fr\/wp-json\/wp\/v2\/pages\/6\/revisions\/998"}],"wp:attachment":[{"href":"https:\/\/bbf-k9.org\/fr\/wp-json\/wp\/v2\/media?parent=6"}],"curies":[{"name":"wp","href":"https:\/\/api.w.org\/{rel}","templated":true}]}}