{"id":7,"date":"2021-05-11T12:14:00","date_gmt":"2021-05-11T12:14:00","guid":{"rendered":"https:\/\/detectordogfinder.com\/?page_id=7"},"modified":"2024-03-21T11:20:24","modified_gmt":"2024-03-21T11:20:24","slug":"contact","status":"publish","type":"page","link":"https:\/\/bbf-k9.org\/fr\/contact\/","title":{"rendered":"Contact"},"content":{"rendered":"<p class=\"has-text-align-center has-medium-font-size\"><strong><span style=\"text-decoration: underline;\">\u00c9coles de formation<\/span><\/strong><\/p>\n\n\n\n<div style=\"height:30px\" aria-hidden=\"true\" class=\"wp-block-spacer\"><\/div>\n\n\n\n<p class=\"has-text-align-center\">Vous pouvez trouver les coordonn\u00e9es de nos \u00e9coles de formation agr\u00e9\u00e9es par le BBF ici :<\/p>\n\n\n\n<div class=\"wp-block-buttons is-content-justification-center is-layout-flex wp-container-core-buttons-is-layout-16018d1d wp-block-buttons-is-layout-flex\">\n<div class=\"wp-block-button is-style-outline is-style-outline--1\"><a class=\"wp-block-button__link wp-element-button\" href=\"https:\/\/www.bedbugfoundation.org\/bbf-approved-training-schools\/\">\u00c9coles de formation approuv\u00e9es par le BBF<\/a><\/div>\n<\/div>\n\n\n\n<div style=\"height:30px\" aria-hidden=\"true\" class=\"wp-block-spacer\"><\/div>\n\n\n\n<p class=\"has-text-align-center has-medium-font-size\"><span style=\"text-decoration: underline;\"><strong>Informations sur l'entreprise enregistr\u00e9e<\/strong><\/span><\/p>\n\n\n\n<div style=\"height:30px\" aria-hidden=\"true\" class=\"wp-block-spacer\"><\/div>\n\n\n\n<p class=\"has-text-align-center\"><strong>Adresse de l'entreprise enregistr\u00e9e :<\/strong>\u00a0<\/p>\n\n\n\n<p class=\"has-text-align-center\">Fondation contre les punaises de lit CIC<\/p>\n\n\n\n<p class=\"has-text-align-center\">Le grenier de Prior<\/p>\n\n\n\n<p class=\"has-text-align-center\">Route de Coleford<\/p>\n\n\n\n<p class=\"has-text-align-center\">Tidenham<\/p>\n\n\n\n<p class=\"has-text-align-center\">Chepstow<\/p>\n\n\n\n<p class=\"has-text-align-center\">Monmouthshire<\/p>\n\n\n\n<p class=\"has-text-align-center\">NP16 7JD<\/p>\n\n\n\n<p class=\"has-text-align-center\">ROYAUME-UNI<\/p>\n\n\n\n<p class=\"has-text-align-center\"><strong>T\u00e9l\u00e9phone :<\/strong>&nbsp;+44 1291 622409<\/p>\n\n\n\n<p class=\"has-text-align-center\"><strong>Courriel :<\/strong>  <a href=\"mailto:help@bedbugfoundation.org\">help@bedbugfoundation.org<\/a> <\/p>\n\n\n\n<div style=\"height:40px\" aria-hidden=\"true\" class=\"wp-block-spacer\"><\/div>\n\n\n\n<div style=\"height:40px\" aria-hidden=\"true\" class=\"wp-block-spacer\"><\/div>\n\n\n\n<div style=\"height:40px\" aria-hidden=\"true\" class=\"wp-block-spacer\"><\/div>","protected":false},"excerpt":{"rendered":"<p>\u00c9coles de formation Vous trouverez ici les coordonn\u00e9es de nos \u00e9coles de formation agr\u00e9\u00e9es par le BBF : Informations sur l'entreprise enregistr\u00e9e Adresse de l'entreprise enregistr\u00e9e :  Bed Bug Foundation CIC Prior's Loft Coleford Road Tidenham Chepstow Monmouthshire NP16 7JD UK T\u00e9l\u00e9phone : +44 1291 622409 Courriel : help@bedbugfoundation.org<\/p>","protected":false},"author":1,"featured_media":0,"parent":0,"menu_order":0,"comment_status":"closed","ping_status":"closed","template":"","meta":{"footnotes":""},"class_list":["post-7","page","type-page","status-publish","hentry"],"_links":{"self":[{"href":"https:\/\/bbf-k9.org\/fr\/wp-json\/wp\/v2\/pages\/7","targetHints":{"allow":["GET"]}}],"collection":[{"href":"https:\/\/bbf-k9.org\/fr\/wp-json\/wp\/v2\/pages"}],"about":[{"href":"https:\/\/bbf-k9.org\/fr\/wp-json\/wp\/v2\/types\/page"}],"author":[{"embeddable":true,"href":"https:\/\/bbf-k9.org\/fr\/wp-json\/wp\/v2\/users\/1"}],"replies":[{"embeddable":true,"href":"https:\/\/bbf-k9.org\/fr\/wp-json\/wp\/v2\/comments?post=7"}],"version-history":[{"count":43,"href":"https:\/\/bbf-k9.org\/fr\/wp-json\/wp\/v2\/pages\/7\/revisions"}],"predecessor-version":[{"id":824,"href":"https:\/\/bbf-k9.org\/fr\/wp-json\/wp\/v2\/pages\/7\/revisions\/824"}],"wp:attachment":[{"href":"https:\/\/bbf-k9.org\/fr\/wp-json\/wp\/v2\/media?parent=7"}],"curies":[{"name":"wp","href":"https:\/\/api.w.org\/{rel}","templated":true}]}}