{"id":100,"date":"2021-08-11T13:58:49","date_gmt":"2021-08-11T13:58:49","guid":{"rendered":"https:\/\/bbf-k9.org\/?page_id=100"},"modified":"2021-09-01T10:51:32","modified_gmt":"2021-09-01T10:51:32","slug":"legal","status":"publish","type":"page","link":"https:\/\/bbf-k9.org\/it\/legal\/","title":{"rendered":"Legale"},"content":{"rendered":"<h3 class=\"wp-block-heading\"><strong>Termini e condizioni<\/strong><\/h3>\n\n\n\n<p><strong>Introduzione<\/strong><\/p>\n\n\n\n<p>Bed Bug Foundation CIC (BBF) \u00e8 una Community Interest Concern registrata con il numero 12231220. L'indirizzo registrato \u00e8: Bed Bug Foundation CIC, Priors Loft, Coleford Road, Tidenham, Chepstow, Monmouthshire, NP16 7JD.<\/p>\n\n\n\n<p>Utilizzando e\/o visitando il sito web si accettano i presenti termini e condizioni e l'informativa sulla privacy (i \"Termini\"), e si acconsente espressamente e si accetta di essere vincolati dai termini e condizioni e da tutte le leggi e i regolamenti applicabili che regolano il sito web. Se non \u00e8 d'accordo con qualsiasi parte di questi termini e condizioni, non deve utilizzare il sito web.<\/p>\n\n\n\n<p>La Bed Bug Foundation CIC pu\u00f2 modificare il contenuto del sito web e\/o i termini in qualsiasi momento, e tale modifica sar\u00e0 effettiva immediatamente dopo la pubblicazione del contenuto modificato e\/o dei termini sul sito web e il vostro uso continuato o l'accesso a questo sito web sar\u00e0 considerato come un'accettazione del contenuto modificato e\/o dei termini.<\/p>\n\n\n\n<div style=\"height:18px\" aria-hidden=\"true\" class=\"wp-block-spacer\"><\/div>\n\n\n\n<p><strong>Informazioni importanti<\/strong><\/p>\n\n\n\n<p>Bed Bug Foundation CIC agisce come ente certificatore per l'industria dei cani da rilevazione delle cimici dei letti. Le aziende con squadre di cani da rilevazione di cimici dei letti che hanno superato con successo il processo di certificazione BBF negli ultimi 12 mesi sono automaticamente elencate su questo sito web (<a href=\"http:\/\/bbf-k9.org\/it\/\">bbf-k9.org<\/a>).<\/p>\n\n\n\n<p>Tutte le aziende elencate su questo sito web hanno il diritto di richiedere che i loro dettagli vengano rimossi o aggiornati in qualsiasi momento, ma a meno che non venga espressamente richiesto il contrario, tutte le aziende con squadre di cani da rilevazione di cimici da letto certificate BBF sono automaticamente incluse in questo sito.<\/p>\n\n\n\n<p>Le aziende le cui squadre di cani da rilevazione sono state precedentemente certificate con la BBF ma le cui certificazioni sono scadute sono automaticamente rimosse dal sito. Tuttavia, la Bed Bug Foundation CIC si riserva il diritto di estendere la validit\u00e0 delle certificazioni oltre i 12 mesi in determinate situazioni, come ad esempio quando le restrizioni di viaggio dovute alla COVID hanno reso impossibile la ricertificazione.<\/p>\n\n\n\n<p>Ulteriori informazioni sul processo di certificazione BBF e i dettagli di ogni squadra certificata possono essere trovati sul sito dei genitori <a href=\"http:\/\/bedbugfoundation.org\">bedbugfoundation.org<\/a>.<\/p>\n\n\n\n<div style=\"height:18px\" aria-hidden=\"true\" class=\"wp-block-spacer\"><\/div>\n\n\n\n<p><strong>Sito web Disclaimer<\/strong><\/p>\n\n\n\n<p>Le informazioni contenute in questo sito web sono solo a scopo informativo generale. Le informazioni sono fornite dal BBF e mentre ci sforziamo di mantenere le informazioni aggiornate e corrette, non facciamo alcuna dichiarazione o garanzia di alcun tipo, espressa o implicita, circa la completezza, l'accuratezza, l'affidabilit\u00e0, l'idoneit\u00e0 o la disponibilit\u00e0 rispetto al sito web o le informazioni, prodotti, servizi, o la relativa grafica contenuti nel sito web per qualsiasi scopo. Qualsiasi affidamento fatto su tali informazioni \u00e8 quindi strettamente a proprio rischio e pericolo.<\/p>\n\n\n\n<p>In nessun caso saremo responsabili per qualsiasi perdita o danno, compresi, senza limitazione, perdite o danni indiretti o consequenziali, o qualsiasi perdita o danno derivante dalla perdita di dati o profitti derivanti da, o in connessione con, l'uso di questo sito web.<\/p>\n\n\n\n<p>Attraverso questo sito web siete in grado di collegarvi ad altri siti web che non sono sotto il controllo della Bed Bug Foundation. Non abbiamo alcun controllo sulla natura, il contenuto e la disponibilit\u00e0 di tali siti. L'inclusione di qualsiasi link non implica necessariamente una raccomandazione o l'approvazione delle opinioni espresse al loro interno.<\/p>\n\n\n\n<p>Ogni sforzo \u00e8 fatto per mantenere il sito web attivo e funzionante senza problemi. Tuttavia, BBF non si assume alcuna responsabilit\u00e0 per il fatto che il sito web sia temporaneamente non disponibile a causa di problemi tecnici indipendenti dalla nostra volont\u00e0.<\/p>\n\n\n\n<div style=\"height:18px\" aria-hidden=\"true\" class=\"wp-block-spacer\"><\/div>\n\n\n\n<p><strong>Politica sulla privacy<\/strong><\/p>\n\n\n\n<p>Questo sito web (bbf-k9.org) non utilizza cookie o raccoglie informazioni personali. Le aziende elencate su questo sito web hanno dato il permesso che i dettagli della loro azienda siano elencati qui tramite l'informativa sulla privacy sul sito gemello BBF qui: <a href=\"https:\/\/www.bedbugfoundation.org\/privacy-policy\/\" target=\"_blank\" rel=\"noreferrer noopener\">https:\/\/www.bedbugfoundation.org\/privacy-policy\/<\/a><\/p>\n\n\n\n<div style=\"height:18px\" aria-hidden=\"true\" class=\"wp-block-spacer\"><\/div>\n\n\n\n<p><strong>Procedura di reclamo<\/strong><\/p>\n\n\n\n<p>Il BBF prende sul serio i reclami.<\/p>\n\n\n\n<p>I reclami su questo sito web e il suo contenuto devono essere indirizzati a help@bedbugfoundation.org.<\/p>\n\n\n\n<p>I reclami sulla condotta delle aziende elencate su questo sito devono essere indirizzati al rappresentante del paese appropriato. I dettagli di contatto dei rappresentanti del paese possono essere trovati qui: <a href=\"https:\/\/www.bedbugfoundation.org\/contact\/\" target=\"_blank\" rel=\"noreferrer noopener\">https:\/\/www.bedbugfoundation.org\/contact\/<\/a><\/p>\n\n\n\n<p>Si prega di notare che non possiamo accettare reclami anonimi o reclami su compagnie di cani da rilevazione non-BBF.<\/p>\n\n\n\n<div style=\"height:18px\" aria-hidden=\"true\" class=\"wp-block-spacer\"><\/div>\n\n\n\n<p><strong>Avviso di copyright<\/strong><\/p>\n\n\n\n<p>Questo sito web e il suo contenuto sono copyright della Bed Bug Foundation CIC. Tutti i diritti riservati.<\/p>\n\n\n\n<p>Qualsiasi ridistribuzione o riproduzione di parte o di tutto il contenuto in qualsiasi forma \u00e8 proibita, ad eccezione di quanto segue:<\/p>\n\n\n\n<ul class=\"wp-block-list\"><li>potete stampare o scaricare su un hard disk locale estratti per vostro uso personale e non commerciale<\/li><li>\u00e8 possibile copiare il contenuto a terze parti individuali per il loro uso personale, ma solo se si riconosce il sito web come fonte del materiale<\/li><\/ul>\n\n\n\n<p>Lei non pu\u00f2, se non con il nostro esplicito permesso scritto, distribuire o sfruttare commercialmente il contenuto. N\u00e9 pu\u00f2 trasmetterlo o memorizzarlo in qualsiasi altro sito web o altra forma di sistema di recupero elettronico senza previa autorizzazione.<\/p>","protected":false},"excerpt":{"rendered":"<p>Terms and Conditions Introduction Bed Bug Foundation CIC (BBF) is a registered Community Interest Concern with Company Number 12231220. The registered address is: Bed Bug Foundation CIC, Priors Loft, Coleford Road, Tidenham, Chepstow, Monmouthshire, NP16 7JD. By using and\/or visiting the Website you agree to these Terms and Conditions and the Privacy Policy (the \u201cTerms\u201d), [&hellip;]<\/p>\n","protected":false},"author":1,"featured_media":0,"parent":0,"menu_order":0,"comment_status":"closed","ping_status":"closed","template":"","meta":{"footnotes":""},"class_list":["post-100","page","type-page","status-publish","hentry"],"_links":{"self":[{"href":"https:\/\/bbf-k9.org\/it\/wp-json\/wp\/v2\/pages\/100","targetHints":{"allow":["GET"]}}],"collection":[{"href":"https:\/\/bbf-k9.org\/it\/wp-json\/wp\/v2\/pages"}],"about":[{"href":"https:\/\/bbf-k9.org\/it\/wp-json\/wp\/v2\/types\/page"}],"author":[{"embeddable":true,"href":"https:\/\/bbf-k9.org\/it\/wp-json\/wp\/v2\/users\/1"}],"replies":[{"embeddable":true,"href":"https:\/\/bbf-k9.org\/it\/wp-json\/wp\/v2\/comments?post=100"}],"version-history":[{"count":21,"href":"https:\/\/bbf-k9.org\/it\/wp-json\/wp\/v2\/pages\/100\/revisions"}],"predecessor-version":[{"id":343,"href":"https:\/\/bbf-k9.org\/it\/wp-json\/wp\/v2\/pages\/100\/revisions\/343"}],"wp:attachment":[{"href":"https:\/\/bbf-k9.org\/it\/wp-json\/wp\/v2\/media?parent=100"}],"curies":[{"name":"wp","href":"https:\/\/api.w.org\/{rel}","templated":true}]}}