{"id":204,"date":"2021-08-24T13:18:07","date_gmt":"2021-08-24T13:18:07","guid":{"rendered":"https:\/\/bbf-k9.org\/?page_id=204"},"modified":"2021-11-24T17:41:29","modified_gmt":"2021-11-24T17:41:29","slug":"help-find-bed-bugs","status":"publish","type":"page","link":"https:\/\/bbf-k9.org\/it\/help-find-bed-bugs\/","title":{"rendered":"Aiuto"},"content":{"rendered":"<h1 class=\"wp-block-heading\">Domande frequenti<\/h1>\n\n\n\n<div style=\"height:25px\" aria-hidden=\"true\" class=\"wp-block-spacer\"><\/div>\n\n\n\n<h3 class=\"wp-block-heading\">Aiuto, credo di avere le cimici dei letti! Cosa devo fare?<\/h3>\n\n\n\n<div style=\"height:5px\" aria-hidden=\"true\" class=\"wp-block-spacer\"><\/div>\n\n\n\n<p>Per prima cosa, niente panico. Se avete scoperto dei morsi, ma non avete ancora trovato prove conclusive di cimici dei letti, allora \u00e8 importante iniziare a confermare se le cimici dei letti sono il colpevole. \u00c8 qui che la nostra rete di squadre certificate per il rilevamento degli odori pu\u00f2 essere in grado di aiutarvi. Inserisci la tua posizione del <a href=\"https:\/\/bbf-k9.org\/it\/map\/\">Pagina di ricerca<\/a> per trovare le aziende che operano vicino a te.<\/p>\n\n\n\n<p>Potete anche trovare consigli di auto-aiuto sull'identificazione e la gestione delle cimici dei letti sul nostro sito gemello <a href=\"https:\/\/www.bedbugfoundation.org\/self-help\/\" target=\"_blank\" rel=\"noreferrer noopener\">bedbugfoundation.org<\/a>.<\/p>\n\n\n\n<p>Hai trovato qualcosa di sospetto? Mettetevi l'animo in pace facendo uso del nostro&nbsp;<a href=\"http:\/\/bedbugfoundation.org\/specimen-identification-service\/\">servizio di identificazione dei campioni<\/a>.<\/p>\n\n\n\n<div style=\"height:20px\" aria-hidden=\"true\" class=\"wp-block-spacer\"><\/div>\n\n\n\n<h3 class=\"wp-block-heading\">Perch\u00e9 dovrei usare le squadre di rilevazione delle cimici dei letti certificate BBF?<\/h3>\n\n\n\n<div style=\"height:5px\" aria-hidden=\"true\" class=\"wp-block-spacer\"><\/div>\n\n\n\n<p>Attualmente non ci sono requisiti legali per le squadre di cani da rilevazione delle cimici dei letti per superare un test. Per questo motivo la qualit\u00e0 del servizio che i clienti ricevono pu\u00f2 essere incoerente.<\/p>\n\n\n\n<p>Il BBF lavora con una rete di <a href=\"https:\/\/www.bedbugfoundation.org\/bbf-approved-training-schools\/\">scuole di formazione approvate<\/a> per fornire la certificazione per i cani da rilevazione delle cimici dei letti. Solo le aziende con cani da cimice dei letti che hanno superato la certificazione negli ultimi 12 mesi possono essere trovate sul nostro sito web. <\/p>\n\n\n\n<p>Tutte le nostre squadre hanno dimostrato la loro capacit\u00e0 di localizzare un piccolo numero di cimici dei letti in una camera da letto. Le nostre squadre vengono testate annualmente per assicurarsi che le loro prestazioni siano di alto livello.<\/p>\n\n\n\n<div style=\"height:20px\" aria-hidden=\"true\" class=\"wp-block-spacer\"><\/div>\n\n\n\n<h3 class=\"wp-block-heading\">Come si usa questo sito?<\/h3>\n\n\n\n<div style=\"height:5px\" aria-hidden=\"true\" class=\"wp-block-spacer\"><\/div>\n\n\n\n<p>Inserisci semplicemente la tua posizione e premi \"Cerca\" per trovare le squadre di cani da cimice dei letti che operano nella tua zona.<\/p>\n\n\n\n<p>Per aumentare il raggio di ricerca usa il menu a tendina a sinistra della barra di ricerca.<\/p>\n\n\n\n<div class=\"wp-block-image\"><figure class=\"alignleft size-full\"><img loading=\"lazy\" decoding=\"async\" width=\"354\" height=\"112\" src=\"https:\/\/bbf-k9.org\/wp-content\/uploads\/2021\/09\/distance-1.png\" alt=\"Discesa di DIstanza\" class=\"wp-image-327\" srcset=\"https:\/\/bbf-k9.org\/wp-content\/uploads\/2021\/09\/distance-1.png 354w, https:\/\/bbf-k9.org\/wp-content\/uploads\/2021\/09\/distance-1-300x95.png 300w, https:\/\/bbf-k9.org\/wp-content\/uploads\/2021\/09\/distance-1-18x6.png 18w\" sizes=\"auto, (max-width: 354px) 100vw, 354px\" \/><\/figure><\/div>\n\n\n\n<div style=\"height:10px\" aria-hidden=\"true\" class=\"wp-block-spacer\"><\/div>\n\n\n\n<h3 class=\"wp-block-heading\">Come posso inserire la mia azienda in questo sito?<\/h3>\n\n\n\n<div style=\"height:5px\" aria-hidden=\"true\" class=\"wp-block-spacer\"><\/div>\n\n\n\n<p>Tutte le squadre rappresentate su questo sito sono membri della Bed Bug Foundation che hanno certificato attraverso il nostro schema di rilevamento dell'odore delle cimici dei letti.<\/p>\n\n\n\n<p>Se vuoi saperne di pi\u00f9 sul processo per diventare membro, segui <a href=\"https:\/\/www.bedbugfoundation.org\/help\/how-to-become-a-certified-team\/\">questo link<\/a> alla procedura di registrazione che si trova sul sito dei genitori della Bed Bug Foundation.<\/p>\n\n\n\n<div style=\"height:10px\" aria-hidden=\"true\" class=\"wp-block-spacer\"><\/div>\n\n\n\n<div style=\"height:20px\" aria-hidden=\"true\" class=\"wp-block-spacer\"><\/div>\n\n\n\n<h3 class=\"wp-block-heading\">Come posso sostenere la Fondazione?<\/h3>\n\n\n\n<div style=\"height:5px\" aria-hidden=\"true\" class=\"wp-block-spacer\"><\/div>\n\n\n\n<p>Il BBF \u00e8 gestito da un team di volontari e apprezziamo molto il vostro sostegno. Se vuoi contribuire al lavoro del BBF nell'educare le persone alla gestione delle cimici dei letti, allora per favore <a href=\"https:\/\/www.bedbugfoundation.org\/support-the-foundation\/\">sostienici qui<\/a>. <\/p>","protected":false},"excerpt":{"rendered":"<p>Frequently Asked Questions Help, I think I have bed bugs! What should I do? Firstly, don&#8217;t panic. If you have discovered bites, but have not yet found conclusive evidence of bed bugs then it is important to start by confirming whether bed bugs are the culprit. This is where our network of certified scent detection [&hellip;]<\/p>\n","protected":false},"author":1,"featured_media":0,"parent":0,"menu_order":0,"comment_status":"closed","ping_status":"closed","template":"","meta":{"footnotes":""},"class_list":["post-204","page","type-page","status-publish","hentry"],"_links":{"self":[{"href":"https:\/\/bbf-k9.org\/it\/wp-json\/wp\/v2\/pages\/204","targetHints":{"allow":["GET"]}}],"collection":[{"href":"https:\/\/bbf-k9.org\/it\/wp-json\/wp\/v2\/pages"}],"about":[{"href":"https:\/\/bbf-k9.org\/it\/wp-json\/wp\/v2\/types\/page"}],"author":[{"embeddable":true,"href":"https:\/\/bbf-k9.org\/it\/wp-json\/wp\/v2\/users\/1"}],"replies":[{"embeddable":true,"href":"https:\/\/bbf-k9.org\/it\/wp-json\/wp\/v2\/comments?post=204"}],"version-history":[{"count":74,"href":"https:\/\/bbf-k9.org\/it\/wp-json\/wp\/v2\/pages\/204\/revisions"}],"predecessor-version":[{"id":607,"href":"https:\/\/bbf-k9.org\/it\/wp-json\/wp\/v2\/pages\/204\/revisions\/607"}],"wp:attachment":[{"href":"https:\/\/bbf-k9.org\/it\/wp-json\/wp\/v2\/media?parent=204"}],"curies":[{"name":"wp","href":"https:\/\/api.w.org\/{rel}","templated":true}]}}