{"id":100,"date":"2021-08-11T13:58:49","date_gmt":"2021-08-11T13:58:49","guid":{"rendered":"https:\/\/bbf-k9.org\/?page_id=100"},"modified":"2021-09-01T10:51:32","modified_gmt":"2021-09-01T10:51:32","slug":"legal","status":"publish","type":"page","link":"https:\/\/bbf-k9.org\/sv\/legal\/","title":{"rendered":"Juridisk"},"content":{"rendered":"<h3 class=\"wp-block-heading\"><strong>Villkor och best\u00e4mmelser<\/strong><\/h3>\n\n\n\n<p><strong>Introduktion<\/strong><\/p>\n\n\n\n<p>Bed Bug Foundation CIC (BBF) \u00e4r ett registrerat f\u00f6retag med f\u00f6retagsnummer 12231220. Den registrerade adressen \u00e4r: Bed Bug Foundation CIC, Priors Loft, Coleford Road, Tidenham, Chepstow, Monmouthshire, NP16 7JD.<\/p>\n\n\n\n<p>Genom att anv\u00e4nda och\/eller bes\u00f6ka webbplatsen godk\u00e4nner du dessa villkor och sekretesspolicy (\"villkoren\"), och du samtycker uttryckligen till och godk\u00e4nner att vara bunden av villkoren och alla till\u00e4mpliga lagar och f\u00f6rordningar som styr webbplatsen. Om du inte samtycker till n\u00e5gon del av dessa villkor f\u00e5r du inte anv\u00e4nda webbplatsen.<\/p>\n\n\n\n<p>Bed Bug Foundation CIC kan n\u00e4r som helst \u00e4ndra inneh\u00e5llet p\u00e5 webbplatsen och\/eller villkoren, och en s\u00e5dan \u00e4ndring ska tr\u00e4da i kraft omedelbart n\u00e4r det \u00e4ndrade inneh\u00e5llet och\/eller villkoren publiceras p\u00e5 webbplatsen, och din fortsatta anv\u00e4ndning av eller tillg\u00e5ng till denna webbplats ska anses inneb\u00e4ra att du godk\u00e4nner det \u00e4ndrade inneh\u00e5llet och\/eller villkoren.<\/p>\n\n\n\n<div style=\"height:18px\" aria-hidden=\"true\" class=\"wp-block-spacer\"><\/div>\n\n\n\n<p><strong>Viktig information<\/strong><\/p>\n\n\n\n<p>Bed Bug Foundation CIC agerar som certifieringsorgan f\u00f6r branschen f\u00f6r hundar f\u00f6r uppt\u00e4ckt av doft av insekter i s\u00e4ngar. F\u00f6retag med hundteam f\u00f6r uppt\u00e4ckt av s\u00e4ngbakterier som har klarat BBF:s certifieringsprocess under de senaste 12 m\u00e5naderna listas automatiskt p\u00e5 denna webbplats (<a href=\"http:\/\/bbf-k9.org\/sv\/\">bbf-k9.org<\/a>).<\/p>\n\n\n\n<p>Alla f\u00f6retag som finns med p\u00e5 denna webbplats har r\u00e4tt att n\u00e4r som helst beg\u00e4ra att deras uppgifter ska tas bort eller uppdateras, men om inte uttryckligen motsatsen beg\u00e4rs, \u00e4r alla f\u00f6retag med BBF-certifierade hundteam f\u00f6r uppt\u00e4ckt av v\u00e4ggl\u00f6ss automatiskt inkluderade p\u00e5 denna webbplats.<\/p>\n\n\n\n<p>F\u00f6retag vars detektionshundar tidigare har certifierats av BBF men vars certifieringar sedan dess har upph\u00f6rt att g\u00e4lla tas automatiskt bort fr\u00e5n webbplatsen. Bed Bug Foundation CIC f\u00f6rbeh\u00e5ller sig dock r\u00e4tten att f\u00f6rl\u00e4nga certifieringarnas giltighet ut\u00f6ver 12 m\u00e5nader i vissa situationer, t.ex. n\u00e4r resebegr\u00e4nsningar p\u00e5 grund av COVID har gjort omcertifiering om\u00f6jlig.<\/p>\n\n\n\n<p>Ytterligare information om BBF:s certifieringsprocess och uppgifter om varje certifierat lag finns p\u00e5 moderbolagets webbplats. <a href=\"http:\/\/bedbugfoundation.org\">bedbugfoundation.org<\/a>.<\/p>\n\n\n\n<div style=\"height:18px\" aria-hidden=\"true\" class=\"wp-block-spacer\"><\/div>\n\n\n\n<p><strong>Ansvarsfriskrivning p\u00e5 webbplatsen<\/strong><\/p>\n\n\n\n<p>Informationen p\u00e5 denna webbplats \u00e4r endast avsedd f\u00f6r allm\u00e4n information. Informationen tillhandah\u00e5lls av BBF och \u00e4ven om vi str\u00e4var efter att h\u00e5lla informationen uppdaterad och korrekt, g\u00f6r vi inga uttalade eller underf\u00f6rst\u00e5dda utf\u00e4stelser eller garantier av n\u00e5got slag om fullst\u00e4ndighet, noggrannhet, tillf\u00f6rlitlighet, l\u00e4mplighet eller tillg\u00e4nglighet med avseende p\u00e5 webbplatsen eller informationen, produkterna, tj\u00e4nsterna eller den relaterade grafiken p\u00e5 webbplatsen f\u00f6r n\u00e5got \u00e4ndam\u00e5l. All tillit till s\u00e5dan information sker d\u00e4rf\u00f6r helt p\u00e5 egen risk.<\/p>\n\n\n\n<p>Under inga omst\u00e4ndigheter kommer vi att vara ansvariga f\u00f6r n\u00e5gon f\u00f6rlust eller skada, inklusive men inte begr\u00e4nsat till indirekta eller f\u00f6ljdf\u00f6rluster eller skador, eller n\u00e5gon f\u00f6rlust eller skada som uppst\u00e5r p\u00e5 grund av f\u00f6rlust av data eller vinst som uppst\u00e5r p\u00e5 grund av, eller i samband med, anv\u00e4ndningen av denna webbplats.<\/p>\n\n\n\n<p>Via denna webbplats kan du l\u00e4nka till andra webbplatser som inte kontrolleras av Bed Bug Foundation. Vi har ingen kontroll \u00f6ver dessa webbplatsers karakt\u00e4r, inneh\u00e5ll och tillg\u00e4nglighet. Inf\u00f6randet av l\u00e4nkar inneb\u00e4r inte n\u00f6dv\u00e4ndigtvis en rekommendation eller ett st\u00f6d f\u00f6r de \u00e5sikter som uttrycks d\u00e4r.<\/p>\n\n\n\n<p>Alla anstr\u00e4ngningar g\u00f6rs f\u00f6r att h\u00e5lla webbplatsen ig\u00e5ng och fungera smidigt. BBF tar dock inget ansvar f\u00f6r att webbplatsen tillf\u00e4lligt inte \u00e4r tillg\u00e4nglig p\u00e5 grund av tekniska problem som ligger utanf\u00f6r v\u00e5r kontroll.<\/p>\n\n\n\n<div style=\"height:18px\" aria-hidden=\"true\" class=\"wp-block-spacer\"><\/div>\n\n\n\n<p><strong>Integritetspolicy<\/strong><\/p>\n\n\n\n<p>Den h\u00e4r webbplatsen (bbf-k9.org) anv\u00e4nder inte cookies och samlar inte in n\u00e5gon personlig information. De f\u00f6retag som \u00e4r listade p\u00e5 den h\u00e4r webbplatsen har gett sitt tillst\u00e5nd till att deras f\u00f6retagsuppgifter anges h\u00e4r via sekretesspolicyn p\u00e5 BBF:s systersida h\u00e4r: <a href=\"https:\/\/www.bedbugfoundation.org\/privacy-policy\/\" target=\"_blank\" rel=\"noreferrer noopener\">https:\/\/www.bedbugfoundation.org\/privacy-policy\/<\/a><\/p>\n\n\n\n<div style=\"height:18px\" aria-hidden=\"true\" class=\"wp-block-spacer\"><\/div>\n\n\n\n<p><strong>Klagom\u00e5lsf\u00f6rfarandet<\/strong><\/p>\n\n\n\n<p>BBF tar klagom\u00e5len p\u00e5 allvar.<\/p>\n\n\n\n<p>Klagom\u00e5l om denna webbplats och dess inneh\u00e5ll ska riktas till help@bedbugfoundation.org.<\/p>\n\n\n\n<p>Klagom\u00e5l om beteendet hos de f\u00f6retag som anges p\u00e5 denna webbplats b\u00f6r riktas till l\u00e4mplig landrepresentant. Kontaktuppgifter till landrepresentanterna finns h\u00e4r: <a href=\"https:\/\/www.bedbugfoundation.org\/contact\/\" target=\"_blank\" rel=\"noreferrer noopener\">https:\/\/www.bedbugfoundation.org\/contact\/<\/a><\/p>\n\n\n\n<p>Observera att vi inte kan ta emot anonyma klagom\u00e5l eller klagom\u00e5l om f\u00f6retag som inte \u00e4r verksamma inomBF.<\/p>\n\n\n\n<div style=\"height:18px\" aria-hidden=\"true\" class=\"wp-block-spacer\"><\/div>\n\n\n\n<p><strong>Upphovsr\u00e4ttsmeddelande<\/strong><\/p>\n\n\n\n<p>Denna webbplats och dess inneh\u00e5ll \u00e4r upphovsr\u00e4ttsligt skyddat av Bed Bug Foundation CIC. Alla r\u00e4ttigheter f\u00f6rbeh\u00e5lls.<\/p>\n\n\n\n<p>Det \u00e4r f\u00f6rbjudet att sprida eller reproducera delar av eller hela inneh\u00e5llet i n\u00e5gon form, med undantag f\u00f6r f\u00f6ljande:<\/p>\n\n\n\n<ul class=\"wp-block-list\"><li>du f\u00e5r skriva ut eller ladda ner till en lokal h\u00e5rddisk endast f\u00f6r personligt och icke-kommersiellt bruk.<\/li><li>Du f\u00e5r kopiera inneh\u00e5llet till enskilda tredje parter f\u00f6r deras personliga bruk, men endast om du anger webbplatsen som k\u00e4llan till materialet.<\/li><\/ul>\n\n\n\n<p>Du f\u00e5r inte, utan v\u00e5rt uttryckliga skriftliga tillst\u00e5nd, distribuera eller kommersiellt utnyttja inneh\u00e5llet. Du f\u00e5r inte heller \u00f6verf\u00f6ra det eller lagra det p\u00e5 n\u00e5gon annan webbplats eller n\u00e5gon annan form av elektroniskt \u00e5tervinningssystem utan f\u00f6reg\u00e5ende tillst\u00e5nd.<\/p>","protected":false},"excerpt":{"rendered":"<p>Terms and Conditions Introduction Bed Bug Foundation CIC (BBF) is a registered Community Interest Concern with Company Number 12231220. The registered address is: Bed Bug Foundation CIC, Priors Loft, Coleford Road, Tidenham, Chepstow, Monmouthshire, NP16 7JD. By using and\/or visiting the Website you agree to these Terms and Conditions and the Privacy Policy (the \u201cTerms\u201d), [&hellip;]<\/p>\n","protected":false},"author":1,"featured_media":0,"parent":0,"menu_order":0,"comment_status":"closed","ping_status":"closed","template":"","meta":{"footnotes":""},"class_list":["post-100","page","type-page","status-publish","hentry"],"_links":{"self":[{"href":"https:\/\/bbf-k9.org\/sv\/wp-json\/wp\/v2\/pages\/100","targetHints":{"allow":["GET"]}}],"collection":[{"href":"https:\/\/bbf-k9.org\/sv\/wp-json\/wp\/v2\/pages"}],"about":[{"href":"https:\/\/bbf-k9.org\/sv\/wp-json\/wp\/v2\/types\/page"}],"author":[{"embeddable":true,"href":"https:\/\/bbf-k9.org\/sv\/wp-json\/wp\/v2\/users\/1"}],"replies":[{"embeddable":true,"href":"https:\/\/bbf-k9.org\/sv\/wp-json\/wp\/v2\/comments?post=100"}],"version-history":[{"count":21,"href":"https:\/\/bbf-k9.org\/sv\/wp-json\/wp\/v2\/pages\/100\/revisions"}],"predecessor-version":[{"id":343,"href":"https:\/\/bbf-k9.org\/sv\/wp-json\/wp\/v2\/pages\/100\/revisions\/343"}],"wp:attachment":[{"href":"https:\/\/bbf-k9.org\/sv\/wp-json\/wp\/v2\/media?parent=100"}],"curies":[{"name":"wp","href":"https:\/\/api.w.org\/{rel}","templated":true}]}}