{"id":138,"date":"2021-08-11T15:16:14","date_gmt":"2021-08-11T15:16:14","guid":{"rendered":"https:\/\/bbf-k9.org\/?page_id=138"},"modified":"2024-05-22T15:55:36","modified_gmt":"2024-05-22T15:55:36","slug":"bed-bug-detection-dog","status":"publish","type":"page","link":"https:\/\/bbf-k9.org\/sv\/","title":{"rendered":"S\u00f6k p\u00e5"},"content":{"rendered":"<p><strong><div id=\"asl-search\" class=\"asl-cont asl-search\">\n    <div class=\"sl-container\">\n      <section class=\"asl-search-cont\" style=\"background-color:#fab702\">\n        <h3>S\u00f6k p\u00e5 din plats<\/h3>\n        <div class=\"sl-row\">\n            <div class=\"pol-lg-12\">\n                <div class=\"sl-row asl-search-widget text-center center-block\">\n                    <div class=\"pol-md-10 p-0\">\n                        <button class=\"asl-clear-btn\" type=\"button\"><svg width=\"12\" height=\"12\" viewbox=\"0 0 12 12\" xmlns=\"http:\/\/www.w3.org\/2000\/svg\"><path d=\"M.566 1.698L0 1.13 1.132 0l.565.566L6 4.868 10.302.566 10.868 0 12 1.132l-.566.565L7.132 6l4.302 4.3.566.568L10.868 12l-.565-.566L6 7.132l-4.3 4.302L1.13 12 0 10.868l.566-.565L4.868 6 .566 1.698z\"><\/path><\/svg><\/button>\n                        <input data-submit=\"disable\"  id=\"sl-search-widget-text\" class=\"form-control asl-search-cntrl isp_ignore border-r-0\" placeholder=\"Ange en plats\">\n                        <span class=\"err-spn\">Destination saknas eller \u00e4r ogiltig<\/span>\n                        <a title=\"Nuvarande plats\" class=\"sl-geo-btn asl-geo\">\n                            <svg width=\"20px\" height=\"20px\" viewbox=\"0 0 561 561\" fill=\"#bc7801\">\n                                <path d=\"M280.5,178.5c-56.1,0-102,45.9-102,102c0,56.1,45.9,102,102,102c56.1,0,102-45.9,102-102 C382.5,224.4,336.6,178.5,280.5,178.5z M507.45,255C494.7,147.9,410.55,63.75,306,53.55V0h-51v53.55 C147.9,63.75,63.75,147.9,53.55,255H0v51h53.55C66.3,413.1,150.45,497.25,255,507.45V561h51v-53.55 C413.1,494.7,497.25,410.55,507.45,306H561v-51H507.45z M280.5,459C181.05,459,102,379.95,102,280.5S181.05,102,280.5,102 S459,181.05,459,280.5S379.95,459,280.5,459z\"><\/path>\n                            <\/svg>\n                        <\/a>\n                    <\/div>\n                                                            <div class=\"pol-md p-0\">\n                        <button id=\"asl-btn-search\" type=\"button\" style=\"background-color:#bc7801\" class=\"asl-search-btn border-l-0 btn btn-primary\">S\u00f6k p\u00e5<\/button>\n                    <\/div>\n                <\/div>\n            <\/div>\n        <\/div>\n      <\/section>\n    <\/div>\n<\/div><\/strong><\/p>\n\n\n\n<div style=\"height:39px\" aria-hidden=\"true\" id=\"home_spacer\" class=\"wp-block-spacer home_spacer\"><\/div>\n\n\n\n<div class=\"wp-block-columns is-layout-flex wp-container-core-columns-is-layout-9d6595d7 wp-block-columns-is-layout-flex\">\n<div class=\"wp-block-column is-vertically-aligned-center is-layout-flow wp-block-column-is-layout-flow\" style=\"flex-basis:100%\">\n<div class=\"wp-block-columns is-layout-flex wp-container-core-columns-is-layout-9d6595d7 wp-block-columns-is-layout-flex\">\n<div class=\"wp-block-column is-vertically-aligned-center is-layout-flow wp-block-column-is-layout-flow\" style=\"flex-basis:60%\">\n<h4 class=\"wp-block-heading\">Varf\u00f6r v\u00e4lja BBF-certifierade hundteam f\u00f6r uppt\u00e4ckt av s\u00e4ngbakterier?<\/h4>\n\n\n\n<div class=\"wp-block-columns is-layout-flex wp-container-core-columns-is-layout-9d6595d7 wp-block-columns-is-layout-flex\">\n<div class=\"wp-block-column is-vertically-aligned-center is-layout-flow wp-block-column-is-layout-flow\" style=\"flex-basis:100%\">\n<div style=\"height:10px\" aria-hidden=\"true\" class=\"wp-block-spacer\"><\/div>\n\n\n\n<p>Hundar som detekterar v\u00e4ggl\u00f6ss \u00e4r ett av de mest utmanande omr\u00e5dena inom doftdetekteringsindustrin. M\u00e5ldoften \u00e4r extremt liten och ofta dold p\u00e5 djupa otillg\u00e4ngliga platser.<\/p>\n\n\n\n<div style=\"height:10px\" aria-hidden=\"true\" class=\"wp-block-spacer\"><\/div>\n\n\n\n<p>Endast skickliga hundf\u00f6rare och noggrant tr\u00e4nade hundar kan utg\u00f6ra ett effektivt team f\u00f6r uppt\u00e4ckt av v\u00e4ggl\u00f6ss. BBF-teamen genomg\u00e5r en \u00e5rlig oberoende bed\u00f6mning f\u00f6r att se till att de arbetar enligt h\u00f6gsta standard.<\/p>\n\n\n\n<div style=\"height:10px\" aria-hidden=\"true\" class=\"wp-block-spacer\"><\/div>\n\n\n\n<p>BBF-grupperna f\u00e5r ocks\u00e5 st\u00f6d av en entomolog som specialiserar sig p\u00e5 biologisk bek\u00e4mpning av s\u00e4ngbakterier.<\/p>\n\n\n\n<div style=\"height:10px\" aria-hidden=\"true\" class=\"wp-block-spacer\"><\/div>\n\n\n\n<p>Anv\u00e4nd s\u00f6kf\u00e4ltet ovan f\u00f6r att hitta BBF-certifierade Bed Bug Dog-team i ditt omr\u00e5de.<\/p>\n\n\n\n<div style=\"height:10px\" aria-hidden=\"true\" class=\"wp-block-spacer\"><\/div>\n\n\n\n<p> F\u00f6r mer information om v\u00e5r organisation, bes\u00f6k <a href=\"https:\/\/bbf-k9.org\/sv\/about\/\">bbf-k9.org\/om oss<\/a> och v\u00e5r moderorganisation <a href=\"https:\/\/www.bedbugfoundation.org\" target=\"_blank\" rel=\"noreferrer noopener\">bedbugfoundation.org<\/a>. Eller hitta din n\u00e4rmaste <a href=\"https:\/\/www.bedbugfoundation.org\/bbf-approved-training-schools\/\">BBF-godk\u00e4nd tr\u00e4ningsskola<\/a>.<\/p>\n<\/div>\n<\/div>\n<\/div>\n\n\n\n<div class=\"wp-block-column is-vertically-aligned-center is-layout-flow wp-block-column-is-layout-flow\" style=\"flex-basis:40%\"><div class=\"wp-block-image is-style-rounded\">\n<figure class=\"alignright size-full is-resized\"><img loading=\"lazy\" decoding=\"async\" width=\"500\" height=\"367\" src=\"https:\/\/bbf-k9.org\/wp-content\/uploads\/2021\/11\/dog-nose-bug-2-copy.jpg\" alt=\"BBF-hund f\u00f6r uppt\u00e4ckt av s\u00e4ngbakterier\" class=\"wp-image-529\" style=\"width:430px;height:315px\" srcset=\"https:\/\/bbf-k9.org\/wp-content\/uploads\/2021\/11\/dog-nose-bug-2-copy.jpg 500w, https:\/\/bbf-k9.org\/wp-content\/uploads\/2021\/11\/dog-nose-bug-2-copy-300x220.jpg 300w, https:\/\/bbf-k9.org\/wp-content\/uploads\/2021\/11\/dog-nose-bug-2-copy-16x12.jpg 16w\" sizes=\"auto, (max-width: 500px) 100vw, 500px\" \/><\/figure>\n<\/div><\/div>\n<\/div>\n<\/div>\n<\/div>","protected":false},"excerpt":{"rendered":"<p>Why choose BBF Certified Bed Bug Detection Dog Teams? Bed bug detection dogs are one of the most challenging fields of the scent deteciton industry. The target odour is extremely small and often hidden in deep inaccessible locations. Only skilled handlers and carefully trained dogs can form an effective bed bug detection team. BBF Teams [&hellip;]<\/p>\n","protected":false},"author":1,"featured_media":0,"parent":0,"menu_order":0,"comment_status":"closed","ping_status":"closed","template":"","meta":{"footnotes":""},"class_list":["post-138","page","type-page","status-publish","hentry"],"_links":{"self":[{"href":"https:\/\/bbf-k9.org\/sv\/wp-json\/wp\/v2\/pages\/138","targetHints":{"allow":["GET"]}}],"collection":[{"href":"https:\/\/bbf-k9.org\/sv\/wp-json\/wp\/v2\/pages"}],"about":[{"href":"https:\/\/bbf-k9.org\/sv\/wp-json\/wp\/v2\/types\/page"}],"author":[{"embeddable":true,"href":"https:\/\/bbf-k9.org\/sv\/wp-json\/wp\/v2\/users\/1"}],"replies":[{"embeddable":true,"href":"https:\/\/bbf-k9.org\/sv\/wp-json\/wp\/v2\/comments?post=138"}],"version-history":[{"count":81,"href":"https:\/\/bbf-k9.org\/sv\/wp-json\/wp\/v2\/pages\/138\/revisions"}],"predecessor-version":[{"id":920,"href":"https:\/\/bbf-k9.org\/sv\/wp-json\/wp\/v2\/pages\/138\/revisions\/920"}],"wp:attachment":[{"href":"https:\/\/bbf-k9.org\/sv\/wp-json\/wp\/v2\/media?parent=138"}],"curies":[{"name":"wp","href":"https:\/\/api.w.org\/{rel}","templated":true}]}}