{"id":204,"date":"2021-08-24T13:18:07","date_gmt":"2021-08-24T13:18:07","guid":{"rendered":"https:\/\/bbf-k9.org\/?page_id=204"},"modified":"2021-11-24T17:41:29","modified_gmt":"2021-11-24T17:41:29","slug":"help-find-bed-bugs","status":"publish","type":"page","link":"https:\/\/bbf-k9.org\/sv\/help-find-bed-bugs\/","title":{"rendered":"Hj\u00e4lp"},"content":{"rendered":"<h1 class=\"wp-block-heading\">Vanliga fr\u00e5gor<\/h1>\n\n\n\n<div style=\"height:25px\" aria-hidden=\"true\" class=\"wp-block-spacer\"><\/div>\n\n\n\n<h3 class=\"wp-block-heading\">Hj\u00e4lp, jag tror att jag har s\u00e4ngbaggar! Vad ska jag g\u00f6ra?<\/h3>\n\n\n\n<div style=\"height:5px\" aria-hidden=\"true\" class=\"wp-block-spacer\"><\/div>\n\n\n\n<p>F\u00f6r det f\u00f6rsta f\u00e5r du inte f\u00e5 panik. Om du har uppt\u00e4ckt bett, men \u00e4nnu inte hittat n\u00e5gra avg\u00f6rande bevis f\u00f6r att det r\u00f6r sig om s\u00e4ngbaggar, \u00e4r det viktigt att b\u00f6rja med att bekr\u00e4fta om det \u00e4r s\u00e4ngbaggar som \u00e4r boven i dramat. Det \u00e4r h\u00e4r som v\u00e5rt n\u00e4tverk av certifierade doftdetekteringsteam kan hj\u00e4lpa dig. Ange var du befinner dig <a href=\"https:\/\/bbf-k9.org\/sv\/map\/\">S\u00f6ka sidan<\/a> f\u00f6r att hitta f\u00f6retag som \u00e4r verksamma i din n\u00e4rhet.<\/p>\n\n\n\n<p>Du kan ocks\u00e5 hitta sj\u00e4lvhj\u00e4lpsr\u00e5d om identifiering och hantering av v\u00e4ggl\u00f6ss p\u00e5 v\u00e5r systersida <a href=\"https:\/\/www.bedbugfoundation.org\/self-help\/\" target=\"_blank\" rel=\"noreferrer noopener\">bedbugfoundation.org<\/a>.<\/p>\n\n\n\n<p>Har du hittat n\u00e5got misst\u00e4nkt? G\u00f6r dig lugn och ro genom att anv\u00e4nda v\u00e5r kostnadsfria&nbsp;<a href=\"http:\/\/bedbugfoundation.org\/specimen-identification-service\/\">Identifiering av provexemplar.<\/a>.<\/p>\n\n\n\n<div style=\"height:20px\" aria-hidden=\"true\" class=\"wp-block-spacer\"><\/div>\n\n\n\n<h3 class=\"wp-block-heading\">Varf\u00f6r ska jag anv\u00e4nda BBF-certifierade team f\u00f6r uppt\u00e4ckt av s\u00e4ngbaggar?<\/h3>\n\n\n\n<div style=\"height:5px\" aria-hidden=\"true\" class=\"wp-block-spacer\"><\/div>\n\n\n\n<p>Det finns f\u00f6r n\u00e4rvarande inga lagliga krav p\u00e5 att hundteam f\u00f6r uppt\u00e4ckt av v\u00e4ggl\u00f6ss ska genomg\u00e5 ett test. D\u00e4rf\u00f6r kan kvaliteten p\u00e5 de tj\u00e4nster som kunderna f\u00e5r vara oj\u00e4mnt f\u00f6rdelad.<\/p>\n\n\n\n<p>BBF samarbetar med ett n\u00e4tverk av <a href=\"https:\/\/www.bedbugfoundation.org\/bbf-approved-training-schools\/\">godk\u00e4nda utbildningsskolor<\/a> att tillhandah\u00e5lla certifiering av hundar f\u00f6r uppt\u00e4ckt av v\u00e4ggl\u00f6ss. Endast f\u00f6retag med hundar som har certifierats under de senaste 12 m\u00e5naderna kan hittas p\u00e5 v\u00e5r webbplats. <\/p>\n\n\n\n<p>Alla v\u00e5ra team har bevisat sin f\u00f6rm\u00e5ga att hitta ett litet antal s\u00e4ngbaggar i ett sovrum. V\u00e5ra team testas \u00e5rligen f\u00f6r att se till att de h\u00e5ller en h\u00f6g standard.<\/p>\n\n\n\n<div style=\"height:20px\" aria-hidden=\"true\" class=\"wp-block-spacer\"><\/div>\n\n\n\n<h3 class=\"wp-block-heading\">Hur anv\u00e4nder jag den h\u00e4r webbplatsen?<\/h3>\n\n\n\n<div style=\"height:5px\" aria-hidden=\"true\" class=\"wp-block-spacer\"><\/div>\n\n\n\n<p>Ange bara din ort och tryck p\u00e5 \"S\u00f6k\" f\u00f6r att hitta hundpatruller som arbetar i ditt omr\u00e5de.<\/p>\n\n\n\n<p>Om du vill \u00f6ka s\u00f6kradien anv\u00e4nder du rullgardinsmenyn till v\u00e4nster om s\u00f6kf\u00e4ltet.<\/p>\n\n\n\n<div class=\"wp-block-image\"><figure class=\"alignleft size-full\"><img loading=\"lazy\" decoding=\"async\" width=\"354\" height=\"112\" src=\"https:\/\/bbf-k9.org\/wp-content\/uploads\/2021\/09\/distance-1.png\" alt=\"DIstance rullgardinsmenyn\" class=\"wp-image-327\" srcset=\"https:\/\/bbf-k9.org\/wp-content\/uploads\/2021\/09\/distance-1.png 354w, https:\/\/bbf-k9.org\/wp-content\/uploads\/2021\/09\/distance-1-300x95.png 300w, https:\/\/bbf-k9.org\/wp-content\/uploads\/2021\/09\/distance-1-18x6.png 18w\" sizes=\"auto, (max-width: 354px) 100vw, 354px\" \/><\/figure><\/div>\n\n\n\n<div style=\"height:10px\" aria-hidden=\"true\" class=\"wp-block-spacer\"><\/div>\n\n\n\n<h3 class=\"wp-block-heading\">Hur f\u00e5r jag in mitt eget f\u00f6retag p\u00e5 denna webbplats?<\/h3>\n\n\n\n<div style=\"height:5px\" aria-hidden=\"true\" class=\"wp-block-spacer\"><\/div>\n\n\n\n<p>Alla team som finns representerade p\u00e5 den h\u00e4r webbplatsen \u00e4r medlemmar i Bed Bug Foundation och har certifierat sig genom v\u00e5rt system f\u00f6r uppt\u00e4ckt av s\u00e4ngbugsdoft.<\/p>\n\n\n\n<p>Om du vill veta mer om processen f\u00f6r att bli medlem, v\u00e4nligen f\u00f6lj f\u00f6ljande <a href=\"https:\/\/www.bedbugfoundation.org\/help\/how-to-become-a-certified-team\/\">denna l\u00e4nk<\/a> till den genomg\u00e5ng av registreringen som finns p\u00e5 Bed Bug Foundation:s webbplats f\u00f6r f\u00f6r\u00e4ldrar.<\/p>\n\n\n\n<div style=\"height:10px\" aria-hidden=\"true\" class=\"wp-block-spacer\"><\/div>\n\n\n\n<div style=\"height:20px\" aria-hidden=\"true\" class=\"wp-block-spacer\"><\/div>\n\n\n\n<h3 class=\"wp-block-heading\">Hur kan jag st\u00f6dja stiftelsen?<\/h3>\n\n\n\n<div style=\"height:5px\" aria-hidden=\"true\" class=\"wp-block-spacer\"><\/div>\n\n\n\n<p>BBF drivs av ett team av frivilliga och vi uppskattar verkligen ditt st\u00f6d. Om du vill bidra till BBF:s arbete med att utbilda m\u00e4nniskor om hantering av v\u00e4ggl\u00f6ss \u00e4r du v\u00e4lkommen att <a href=\"https:\/\/www.bedbugfoundation.org\/support-the-foundation\/\">st\u00f6dja oss h\u00e4r<\/a>. <\/p>","protected":false},"excerpt":{"rendered":"<p>Frequently Asked Questions Help, I think I have bed bugs! What should I do? Firstly, don&#8217;t panic. If you have discovered bites, but have not yet found conclusive evidence of bed bugs then it is important to start by confirming whether bed bugs are the culprit. This is where our network of certified scent detection [&hellip;]<\/p>\n","protected":false},"author":1,"featured_media":0,"parent":0,"menu_order":0,"comment_status":"closed","ping_status":"closed","template":"","meta":{"footnotes":""},"class_list":["post-204","page","type-page","status-publish","hentry"],"_links":{"self":[{"href":"https:\/\/bbf-k9.org\/sv\/wp-json\/wp\/v2\/pages\/204","targetHints":{"allow":["GET"]}}],"collection":[{"href":"https:\/\/bbf-k9.org\/sv\/wp-json\/wp\/v2\/pages"}],"about":[{"href":"https:\/\/bbf-k9.org\/sv\/wp-json\/wp\/v2\/types\/page"}],"author":[{"embeddable":true,"href":"https:\/\/bbf-k9.org\/sv\/wp-json\/wp\/v2\/users\/1"}],"replies":[{"embeddable":true,"href":"https:\/\/bbf-k9.org\/sv\/wp-json\/wp\/v2\/comments?post=204"}],"version-history":[{"count":74,"href":"https:\/\/bbf-k9.org\/sv\/wp-json\/wp\/v2\/pages\/204\/revisions"}],"predecessor-version":[{"id":607,"href":"https:\/\/bbf-k9.org\/sv\/wp-json\/wp\/v2\/pages\/204\/revisions\/607"}],"wp:attachment":[{"href":"https:\/\/bbf-k9.org\/sv\/wp-json\/wp\/v2\/media?parent=204"}],"curies":[{"name":"wp","href":"https:\/\/api.w.org\/{rel}","templated":true}]}}