{"id":6,"date":"2021-05-11T12:14:00","date_gmt":"2021-05-11T12:14:00","guid":{"rendered":"https:\/\/detectordogfinder.com\/?page_id=6"},"modified":"2024-06-04T13:56:16","modified_gmt":"2024-06-04T13:56:16","slug":"the-bed-bug-foundation","status":"publish","type":"page","link":"https:\/\/bbf-k9.org\/sv\/the-bed-bug-foundation\/","title":{"rendered":"Stiftelsen f\u00f6r bek\u00e4mpning av v\u00e4ggl\u00f6ss"},"content":{"rendered":"<div class=\"wp-block-columns are-vertically-aligned-center is-layout-flex wp-container-core-columns-is-layout-9d6595d7 wp-block-columns-is-layout-flex\">\n<div class=\"wp-block-column is-vertically-aligned-center is-layout-flow wp-block-column-is-layout-flow\" style=\"flex-basis:50%\">\n<div class=\"wp-block-image\"><figure class=\"aligncenter size-full is-resized\"><img loading=\"lazy\" decoding=\"async\" src=\"https:\/\/bbf-k9.org\/wp-content\/uploads\/2021\/08\/BBF-LOGO-3.png\" alt=\"\" class=\"wp-image-214\" width=\"196\" height=\"76\" srcset=\"https:\/\/bbf-k9.org\/wp-content\/uploads\/2021\/08\/BBF-LOGO-3.png 500w, https:\/\/bbf-k9.org\/wp-content\/uploads\/2021\/08\/BBF-LOGO-3-300x116.png 300w\" sizes=\"auto, (max-width: 196px) 100vw, 196px\" \/><\/figure><\/div>\n\n\n\n<p>Bed Bug Foundation CIC (12231220) \u00e4r en icke-vinstdrivande stiftelse som har som m\u00e5l att h\u00f6ja standarden f\u00f6r uppt\u00e4ckt och hantering av s\u00e4ngbaggar. V\u00e5r prim\u00e4ra webbplats \u00e4r <a href=\"https:\/\/bedbugfoundation.org\">bedbugfoundation.org<\/a>.<\/p>\n\n\n\n<div style=\"height:25px\" aria-hidden=\"true\" class=\"wp-block-spacer\"><\/div>\n\n\n\n<p>BBF har tv\u00e5 huvudinriktningar. Vi st\u00f6der skadedjursbranschen och allm\u00e4nheten i korrekt identifiering och l\u00e4mplig behandling av v\u00e4ggl\u00f6ss (<em>Cimex lectularius<\/em>) genom en gratis <a href=\"https:\/\/www.bedbugfoundation.org\/specimen-identification-service\/\">Identifiering av provexemplar.<\/a> och informationswebbplats.<\/p>\n\n\n\n<div style=\"height:25px\" aria-hidden=\"true\" class=\"wp-block-spacer\"><\/div>\n\n\n\n<p>Den andra delen av v\u00e5r organisation tillhandah\u00e5ller certifiering f\u00f6r branschen f\u00f6r hundar som uppt\u00e4cker s\u00e4ngar. Genom ett n\u00e4tverk av <a href=\"https:\/\/www.bedbugfoundation.org\/bbf-approved-training-schools\/\">godk\u00e4nda skolor<\/a> Vi genomf\u00f6r \u00e5rliga certifieringar av hundpatruller i hela V\u00e4steuropa.<\/p>\n\n\n\n<div style=\"height:25px\" aria-hidden=\"true\" class=\"wp-block-spacer\"><\/div>\n\n\n\n<p>Alla f\u00f6retag med certifierade team f\u00f6r uppt\u00e4ckt av v\u00e4ggl\u00f6ss finns p\u00e5 den h\u00e4r webbplatsen. Anv\u00e4nd v\u00e5r <a href=\"https:\/\/bbf-k9.org\/sv\/map\/\">s\u00f6kverktyg<\/a> f\u00f6r att hitta kompetenta hundteam f\u00f6r uppt\u00e4ckt av v\u00e4ggl\u00f6ss i ditt omr\u00e5de.<\/p>\n<\/div>\n\n\n\n<div class=\"wp-block-column is-vertically-aligned-center is-layout-flow wp-block-column-is-layout-flow\" style=\"flex-basis:50%\">\n<div class=\"wp-block-image is-style-default\"><figure class=\"aligncenter size-full is-resized\"><img loading=\"lazy\" decoding=\"async\" src=\"https:\/\/bbf-k9.org\/wp-content\/uploads\/2021\/09\/SH7W3027-square-copy.jpg\" alt=\"\" class=\"wp-image-363\" width=\"458\" height=\"486\" srcset=\"https:\/\/bbf-k9.org\/wp-content\/uploads\/2021\/09\/SH7W3027-square-copy.jpg 916w, https:\/\/bbf-k9.org\/wp-content\/uploads\/2021\/09\/SH7W3027-square-copy-283x300.jpg 283w, https:\/\/bbf-k9.org\/wp-content\/uploads\/2021\/09\/SH7W3027-square-copy-768x814.jpg 768w, https:\/\/bbf-k9.org\/wp-content\/uploads\/2021\/09\/SH7W3027-square-copy-11x12.jpg 11w\" sizes=\"auto, (max-width: 458px) 100vw, 458px\" \/><\/figure><\/div>\n<\/div>\n<\/div>\n\n\n\n<div style=\"height:50px\" aria-hidden=\"true\" class=\"wp-block-spacer\"><\/div>\n\n\n\n<p>F\u00f6r mer information om v\u00e5r organisation, f\u00f6lj den h\u00e4r l\u00e4nken:   <a href=\"https:\/\/www.bedbugfoundation.org\/about\/\">https:\/\/www.bedbugfoundation.org\/about\/<\/a><\/p>","protected":false},"excerpt":{"rendered":"<p>Bed Bug Foundation CIC (12231220) is a not-for-profit foundation, dedicated to raising standards in the detection and management of bed bugs. Our primary website is bedbugfoundation.org. BBF has two main focusses. We support the pest management industry and general public in the correct identification and appropriate treatment of bedbugs (Cimex lectularius) through a free specimen [&hellip;]<\/p>\n","protected":false},"author":1,"featured_media":0,"parent":0,"menu_order":0,"comment_status":"closed","ping_status":"closed","template":"","meta":{"footnotes":""},"class_list":["post-6","page","type-page","status-publish","hentry"],"_links":{"self":[{"href":"https:\/\/bbf-k9.org\/sv\/wp-json\/wp\/v2\/pages\/6","targetHints":{"allow":["GET"]}}],"collection":[{"href":"https:\/\/bbf-k9.org\/sv\/wp-json\/wp\/v2\/pages"}],"about":[{"href":"https:\/\/bbf-k9.org\/sv\/wp-json\/wp\/v2\/types\/page"}],"author":[{"embeddable":true,"href":"https:\/\/bbf-k9.org\/sv\/wp-json\/wp\/v2\/users\/1"}],"replies":[{"embeddable":true,"href":"https:\/\/bbf-k9.org\/sv\/wp-json\/wp\/v2\/comments?post=6"}],"version-history":[{"count":33,"href":"https:\/\/bbf-k9.org\/sv\/wp-json\/wp\/v2\/pages\/6\/revisions"}],"predecessor-version":[{"id":998,"href":"https:\/\/bbf-k9.org\/sv\/wp-json\/wp\/v2\/pages\/6\/revisions\/998"}],"wp:attachment":[{"href":"https:\/\/bbf-k9.org\/sv\/wp-json\/wp\/v2\/media?parent=6"}],"curies":[{"name":"wp","href":"https:\/\/api.w.org\/{rel}","templated":true}]}}